{"id":3435,"date":"2022-08-19T15:58:15","date_gmt":"2022-08-19T15:58:15","guid":{"rendered":"https:\/\/ostara-france.org\/?page_id=3435"},"modified":"2025-02-08T20:10:16","modified_gmt":"2025-02-08T20:10:16","slug":"adultes","status":"publish","type":"page","link":"https:\/\/ostara-france.org\/index.php\/adultes\/","title":{"rendered":"Adultes"},"content":{"rendered":"<p>[et_pb_section fb_built=\u00a0\u00bb1&Prime; _builder_version=\u00a0\u00bb3.29.2&Prime; custom_margin=\u00a0\u00bb||-55px|||\u00a0\u00bb locked=\u00a0\u00bboff\u00a0\u00bb fb_built=\u00a0\u00bb1&Prime; _i=\u00a0\u00bb0&Prime; _address=\u00a0\u00bb0&Prime;][et_pb_row _builder_version=\u00a0\u00bb3.29.2&Prime; _i=\u00a0\u00bb0&Prime; _address=\u00a0\u00bb0.0&Prime;][et_pb_column type=\u00a0\u00bb4_4&Prime; _builder_version=\u00a0\u00bb3.29.2&Prime; _i=\u00a0\u00bb0&Prime; _address=\u00a0\u00bb0.0.0&Prime;][et_pb_text _builder_version=\u00a0\u00bb3.29.2&Prime; text_font_size=\u00a0\u00bb36px\u00a0\u00bb text_line_height=\u00a0\u00bb2em\u00a0\u00bb _i=\u00a0\u00bb0&Prime; _address=\u00a0\u00bb0.0.0.0&Prime;]<\/p>\n<p>Nos actions de sensibilisation pour adultes<\/p>\n<p>[\/et_pb_text][\/et_pb_column][\/et_pb_row][et_pb_row column_structure=\u00a0\u00bb1_3,1_3,1_3&Prime; _builder_version=\u00a0\u00bb3.29.2&Prime; _i=\u00a0\u00bb1&Prime; _address=\u00a0\u00bb0.1&Prime;][et_pb_column type=\u00a0\u00bb1_3&Prime; _builder_version=\u00a0\u00bb3.29.2&Prime; _i=\u00a0\u00bb0&Prime; _address=\u00a0\u00bb0.1.0&Prime;][et_pb_blurb title=\u00a0\u00bbA la d\u00e9couverte du jardin sans arrosage\u00a0\u00bb image=\u00a0\u00bbhttps:\/\/ostara-france.org\/wp-content\/uploads\/2022\/08\/5.png\u00a0\u00bb _builder_version=\u00a0\u00bb3.29.2&Prime; _i=\u00a0\u00bb0&Prime; _address=\u00a0\u00bb0.1.0.0&Prime;]<\/p>\n<p>1h30<\/p>\n<p>[\/et_pb_blurb][\/et_pb_column][et_pb_column type=\u00a0\u00bb1_3&Prime; _builder_version=\u00a0\u00bb3.29.2&Prime; _i=\u00a0\u00bb1&Prime; _address=\u00a0\u00bb0.1.1&Prime;][et_pb_blurb title=\u00a0\u00bbAteliers pratique sur demande\u00a0\u00bb image=\u00a0\u00bbhttps:\/\/ostara-france.org\/wp-content\/uploads\/2022\/08\/2.png\u00a0\u00bb _builder_version=\u00a0\u00bb3.29.2&Prime; hover_enabled=\u00a0\u00bb0&Prime; _i=\u00a0\u00bb0&Prime; _address=\u00a0\u00bb0.1.1.0&Prime;]<\/p>\n<p>2h \/ 3h<\/p>\n<p>[\/et_pb_blurb][\/et_pb_column][et_pb_column type=\u00a0\u00bb1_3&Prime; _builder_version=\u00a0\u00bb3.29.2&Prime; _i=\u00a0\u00bb2&Prime; _address=\u00a0\u00bb0.1.2&Prime;][et_pb_blurb title=\u00a0\u00bbConf\u00e9rence\u00a0\u00bb image=\u00a0\u00bbhttps:\/\/ostara-france.org\/wp-content\/uploads\/2022\/08\/6.png\u00a0\u00bb _builder_version=\u00a0\u00bb3.29.2&Prime; locked=\u00a0\u00bboff\u00a0\u00bb _i=\u00a0\u00bb0&Prime; _address=\u00a0\u00bb0.1.2.0&Prime;]<\/p>\n<p>2h\u00a0<\/p>\n<p>[\/et_pb_blurb][\/et_pb_column][\/et_pb_row][et_pb_row _builder_version=\u00a0\u00bb3.29.2&Prime; _i=\u00a0\u00bb2&Prime; _address=\u00a0\u00bb0.2&Prime;][et_pb_column type=\u00a0\u00bb4_4&Prime; _builder_version=\u00a0\u00bb3.29.2&Prime; _i=\u00a0\u00bb0&Prime; _address=\u00a0\u00bb0.2.0&Prime;][et_pb_text _builder_version=\u00a0\u00bb3.29.2&Prime; _i=\u00a0\u00bb0&Prime; _address=\u00a0\u00bb0.2.0.0&Prime;]<\/p>\n<p style=\"text-align: justify;\">Agissons mainteant pour un monde plus durable et sain pour les g\u00e9nrations \u00e0 venir !<\/p>\n<p style=\"text-align: justify;\">Le Permalab d\u2019Ostara, situ\u00e9 au 37 rue Saint Pierre de Vaise, Lyon 9e, est un jardin d&rsquo;exp\u00e9rimentation et de p\u00e9dagogie d\u00e9di\u00e9e \u00e0 la Permaculture.<br \/> Nous r\u00e9alisons des exp\u00e9rimentations environnementales et sociales en suivant le concept et la philosophie de la Permaculture et organisons des formations pour transmettre nos exp\u00e9riences, nos comp\u00e9tences et connaissances.<\/p>\n<p style=\"text-align: justify;\">Ce jardin est un lieu de rencontres et d\u2019\u00e9changes, o\u00f9 nous d\u00e9veloppons des visites p\u00e9dagogiques avec comme support la d\u00e9couverte des plantes potag\u00e8res, aromatiques et m\u00e9dicinales.<\/p>\n<p style=\"text-align: justify;\">L&rsquo;objectif de ces promenades et ateliers p\u00e9dagogiques est de sensibiliser aux valeurs fondatrices de la Permaculture :\u00a0 prendre soin de la terre, prendre soin de l&rsquo;humain et partager \u00e9quitablement, via un support ludique.<\/p>\n<p style=\"text-align: justify;\">\n<h4 style=\"text-align: justify;\">A qui s&rsquo;adresse ses activit\u00e9s ?<\/h4>\n<p>&#8211; Adultes, \u00e0 partir de 18 ans<\/p>\n<p>&#8211; Groupe de 20 personnes maximum pour les visites et 15 personnes maximum pour les ateliers pratiques<\/p>\n<p>&nbsp;<\/p>\n<h4>Qui peut s&rsquo;inscrire ?<\/h4>\n<p>&#8211; Les particuliers<\/p>\n<p>&#8211; Les associations<\/p>\n<p>&#8211; Les entreprises<\/p>\n<p>&nbsp;<\/p>\n<p>&nbsp;<\/p>\n<h4>O\u00f9 se d\u00e9roule les activit\u00e9s ?<\/h4>\n<p>&#8211; Au Permalab d&rsquo;Ostara : 37\/39 rue Saint Pierre de Vaise, 69009 LYON<\/p>\n<p>&#8211; Sur votre lieu en fonction de la distance et du jour demand\u00e9<\/p>\n<p>[\/et_pb_text][\/et_pb_column][\/et_pb_row][et_pb_row _builder_version=\u00a0\u00bb3.29.2&Prime; custom_padding=\u00a0\u00bb95px|||||\u00a0\u00bb locked=\u00a0\u00bboff\u00a0\u00bb _i=\u00a0\u00bb3&Prime; _address=\u00a0\u00bb0.3&Prime;][et_pb_column type=\u00a0\u00bb4_4&Prime; _builder_version=\u00a0\u00bb3.29.2&Prime; _i=\u00a0\u00bb0&Prime; _address=\u00a0\u00bb0.3.0&Prime;][et_pb_text _builder_version=\u00a0\u00bb3.29.2&Prime; text_font_size=\u00a0\u00bb36px\u00a0\u00bb locked=\u00a0\u00bboff\u00a0\u00bb _i=\u00a0\u00bb0&Prime; _address=\u00a0\u00bb0.3.0.0&Prime;]Racontez nous votre projet et rencontrons nous !&nbsp;[\/et_pb_text][et_pb_text _builder_version=\u00a0\u00bb3.29.2&Prime; hover_enabled=\u00a0\u00bb0&Prime; _i=\u00a0\u00bb1&Prime; _address=\u00a0\u00bb0.3.0.1&Prime;]<\/p>\n<p>Mail :<\/p>\n<p>permalab.ostara(@)gmail.com<\/p>\n<p>&nbsp;<\/p>\n<p>[\/et_pb_text][\/et_pb_column][\/et_pb_row][\/et_pb_section]<\/p>\n","protected":false},"excerpt":{"rendered":"<p>[et_pb_section fb_built=\u00a0\u00bb1&Prime; _builder_version=\u00a0\u00bb3.29.2&Prime; custom_margin=\u00a0\u00bb||-55px|||\u00a0\u00bb locked=\u00a0\u00bboff\u00a0\u00bb fb_built=\u00a0\u00bb1&Prime; _i=\u00a0\u00bb0&Prime; _address=\u00a0\u00bb0&Prime;][et_pb_row _builder_version=\u00a0\u00bb3.29.2&Prime; _i=\u00a0\u00bb0&Prime; _address=\u00a0\u00bb0.0&Prime;][et_pb_column type=\u00a0\u00bb4_4&Prime; _builder_version=\u00a0\u00bb3.29.2&Prime; _i=\u00a0\u00bb0&Prime; _address=\u00a0\u00bb0.0.0&Prime;][et_pb_text _builder_version=\u00a0\u00bb3.29.2&Prime; text_font_size=\u00a0\u00bb36px\u00a0\u00bb text_line_height=\u00a0\u00bb2em\u00a0\u00bb _i=\u00a0\u00bb0&Prime; _address=\u00a0\u00bb0.0.0.0&Prime;] Nos actions de sensibilisation pour adultes [\/et_pb_text][\/et_pb_column][\/et_pb_row][et_pb_row column_structure=\u00a0\u00bb1_3,1_3,1_3&Prime; _builder_version=\u00a0\u00bb3.29.2&Prime; _i=\u00a0\u00bb1&Prime; [&hellip;]<\/p>\n","protected":false},"author":1,"featured_media":0,"parent":0,"menu_order":0,"comment_status":"closed","ping_status":"closed","template":"","meta":{"_et_pb_use_builder":"on","_et_pb_old_content":"","footnotes":""},"class_list":["post-3435","page","type-page","status-publish","hentry"],"_links":{"self":[{"href":"https:\/\/ostara-france.org\/index.php\/wp-json\/wp\/v2\/pages\/3435","targetHints":{"allow":["GET"]}}],"collection":[{"href":"https:\/\/ostara-france.org\/index.php\/wp-json\/wp\/v2\/pages"}],"about":[{"href":"https:\/\/ostara-france.org\/index.php\/wp-json\/wp\/v2\/types\/page"}],"author":[{"embeddable":true,"href":"https:\/\/ostara-france.org\/index.php\/wp-json\/wp\/v2\/users\/1"}],"replies":[{"embeddable":true,"href":"https:\/\/ostara-france.org\/index.php\/wp-json\/wp\/v2\/comments?post=3435"}],"version-history":[{"count":10,"href":"https:\/\/ostara-france.org\/index.php\/wp-json\/wp\/v2\/pages\/3435\/revisions"}],"predecessor-version":[{"id":4177,"href":"https:\/\/ostara-france.org\/index.php\/wp-json\/wp\/v2\/pages\/3435\/revisions\/4177"}],"wp:attachment":[{"href":"https:\/\/ostara-france.org\/index.php\/wp-json\/wp\/v2\/media?parent=3435"}],"curies":[{"name":"wp","href":"https:\/\/api.w.org\/{rel}","templated":true}]}}