{"id":3324,"date":"2021-11-25T16:41:54","date_gmt":"2021-11-25T16:41:54","guid":{"rendered":"https:\/\/ostara-france.org\/?page_id=3324"},"modified":"2023-11-16T13:21:43","modified_gmt":"2023-11-16T13:21:43","slug":"enfants","status":"publish","type":"page","link":"https:\/\/ostara-france.org\/index.php\/enfants\/","title":{"rendered":"Visites p\u00e9dagogiques"},"content":{"rendered":"<p>[et_pb_section fb_built=\u00a0\u00bb1&Prime; _builder_version=\u00a0\u00bb3.29.2&Prime; custom_margin=\u00a0\u00bb||-55px|||\u00a0\u00bb locked=\u00a0\u00bboff\u00a0\u00bb fb_built=\u00a0\u00bb1&Prime; _i=\u00a0\u00bb0&Prime; _address=\u00a0\u00bb0&Prime;][et_pb_row _builder_version=\u00a0\u00bb3.29.2&Prime; _i=\u00a0\u00bb0&Prime; _address=\u00a0\u00bb0.0&Prime;][et_pb_column type=\u00a0\u00bb4_4&Prime; _builder_version=\u00a0\u00bb3.29.2&Prime; _i=\u00a0\u00bb0&Prime; _address=\u00a0\u00bb0.0.0&Prime;][et_pb_text _builder_version=\u00a0\u00bb3.29.2&Prime; text_font_size=\u00a0\u00bb36px\u00a0\u00bb _i=\u00a0\u00bb0&Prime; _address=\u00a0\u00bb0.0.0.0&Prime;]Nos actions de sensibilisation pour enfants[\/et_pb_text][\/et_pb_column][\/et_pb_row][et_pb_row column_structure=\u00a0\u00bb1_3,1_3,1_3&Prime; _builder_version=\u00a0\u00bb3.29.2&Prime; _i=\u00a0\u00bb1&Prime; _address=\u00a0\u00bb0.1&Prime;][et_pb_column type=\u00a0\u00bb1_3&Prime; _builder_version=\u00a0\u00bb3.29.2&Prime; _i=\u00a0\u00bb0&Prime; _address=\u00a0\u00bb0.1.0&Prime;][et_pb_blurb title=\u00a0\u00bbA la d\u00e9couverte du Permalab d&rsquo;Ostara\u00a0\u00bb url=\u00a0\u00bbhttps:\/\/ostara-france.org\/index.php\/a-la-decouverte-du-permalab-dostara\/\u00a0\u00bb image=\u00a0\u00bbhttps:\/\/ostara-france.org\/wp-content\/uploads\/2021\/11\/atelier-enfant-permaculture-1.jpeg\u00a0\u00bb image_max_width=\u00a0\u00bb97%\u00a0\u00bb _builder_version=\u00a0\u00bb3.29.2&Prime; link_option_url=\u00a0\u00bbhttps:\/\/ostara-france.org\/index.php\/a-la-decouverte-du-permalab-dostara\/\u00a0\u00bb _i=\u00a0\u00bb0&Prime; _address=\u00a0\u00bb0.1.0.0&Prime;]1h15[\/et_pb_blurb][\/et_pb_column][et_pb_column type=\u00a0\u00bb1_3&Prime; _builder_version=\u00a0\u00bb3.29.2&Prime; _i=\u00a0\u00bb1&Prime; _address=\u00a0\u00bb0.1.1&Prime;][et_pb_blurb title=\u00a0\u00bbAtelier pratique sur demande\u00a0\u00bb image=\u00a0\u00bbhttps:\/\/ostara-france.org\/wp-content\/uploads\/2021\/11\/atelier-enfant-permaculture-8.jpeg\u00a0\u00bb _builder_version=\u00a0\u00bb3.29.2&Prime; _i=\u00a0\u00bb0&Prime; _address=\u00a0\u00bb0.1.1.0&Prime;]1h30[\/et_pb_blurb][\/et_pb_column][et_pb_column type=\u00a0\u00bb1_3&Prime; _builder_version=\u00a0\u00bb3.29.2&Prime; _i=\u00a0\u00bb2&Prime; _address=\u00a0\u00bb0.1.2&Prime;][\/et_pb_column][\/et_pb_row][et_pb_row _builder_version=\u00a0\u00bb3.29.2&Prime; _i=\u00a0\u00bb2&Prime; _address=\u00a0\u00bb0.2&Prime;][et_pb_column type=\u00a0\u00bb4_4&Prime; _builder_version=\u00a0\u00bb3.29.2&Prime; _i=\u00a0\u00bb0&Prime; _address=\u00a0\u00bb0.2.0&Prime;][et_pb_text _builder_version=\u00a0\u00bb3.29.2&Prime; _i=\u00a0\u00bb0&Prime; _address=\u00a0\u00bb0.2.0.0&Prime;]<\/p>\n<p style=\"text-align: justify;\">Nos enfants sont les citoyens de demain ! Nous souhaitons leur donner les cl\u00e9s de compr\u00e9hension de notre monde biologique et les responsabiliser dans leurs choix \u00e0 venir.<\/p>\n<p style=\"text-align: justify;\">Le Permalab d\u2019Ostara, situ\u00e9 au 37 rue Saint Pierre de Vaise, Lyon 9e, est un jardin d&rsquo;exp\u00e9rimentation et de p\u00e9dagogie d\u00e9di\u00e9e \u00e0 la Permaculture.<br \/>\nNous r\u00e9alisons des exp\u00e9rimentations environnementales et sociales en suivant le concept et la philosophie de la Permaculture et organisons des formations pour transmettre nos exp\u00e9riences, nos comp\u00e9tences et connaissances.<\/p>\n<p style=\"text-align: justify;\">Ce jardin est un lieu de rencontres et d\u2019\u00e9changes, o\u00f9 nous d\u00e9veloppons des promenades p\u00e9dagogiques avec comme support la d\u00e9couverte des plantes potag\u00e8res, aromatiques et m\u00e9dicinales.<\/p>\n<p style=\"text-align: justify;\">L&rsquo;objectif de ces promenades et ateliers p\u00e9dagogiques est de sensibiliser aux valeurs fondatrices de la Permaculture :&nbsp; prendre soin de la terre, prendre soin de l&rsquo;humain et partager \u00e9quitablement, via un support ludique.<\/p>\n<p style=\"text-align: justify;\">La sensibilisation \u00e0 la saisonnalit\u00e9 &amp; nutrition sant\u00e9, l&rsquo;observation de l&rsquo;\u00e9cosyst\u00e8me du jardin et la d\u00e9couverte de ses plantes m\u00e9dicinales ne peuvent qu&rsquo;amener les enfants \u00e0 mieux comprendre les enjeux de la protection de l&rsquo;environnement et du soin \u00e0 soi.<\/p>\n<h4 style=\"text-align: justify;\"><\/h4>\n<h4 style=\"text-align: justify;\"><\/h4>\n<h4 style=\"text-align: justify;\">A qui s&rsquo;adresse ses activit\u00e9s ?<\/h4>\n<p>&#8211; Enfants de tout age entre 6 et 12 ans<\/p>\n<p>&#8211; Groupe de 30 enfants maximum pour les visites et 15 enfants maximum pour les ateliers pratiques<\/p>\n<p>&nbsp;<\/p>\n<h4>Qui peut s&rsquo;inscrire ?<\/h4>\n<p>&#8211; Les groupes scolaires<\/p>\n<p>&#8211; Les centres de loisirs<\/p>\n<p>&#8211; Les associations li\u00e9es \u00e0 l&rsquo;enfance et la jeunesse<\/p>\n<p>&nbsp;<\/p>\n<p>&nbsp;<\/p>\n<h4>O\u00f9 se d\u00e9roule les activit\u00e9s ?<\/h4>\n<p>&#8211; Au Permalab d&rsquo;Ostara : 37\/39 rue Saint Pierre de Vaise, 69009 LYON<\/p>\n<p>&#8211; Sur votre lieu en fonction de la distance et du jour demand\u00e9<\/p>\n<p>&nbsp;<\/p>\n<h4>Comment financer les activit\u00e9s ?<\/h4>\n<p>Grace \u00e0 notre m\u00e9c\u00e8ne 6\u00e8me Sens ainsi que la fondation Terre Solidaire, nous proposons des visites gratuites aux groupes scolaires.<\/p>\n<p>Pour les autres activit\u00e9s et demandes particuli\u00e8res nous aidons les groupes scolaires et les associations dans leurs recherches de fiancements (subvention, m\u00e9cenat, appel \u00e0 projet).<\/p>\n<p>N&rsquo;h\u00e9sitez donc pas \u00e0 nous contacter pour nous expliquer votre projet et imaginer ensemble un programme sur mesure et d\u00e9finir un budget.<\/p>\n<p>&nbsp;<\/p>\n<h4><\/h4>\n<h4><\/h4>\n<h4><\/h4>\n<h4>Qui r\u00e9alise les activit\u00e9s ?<\/h4>\n<p>[\/et_pb_text][\/et_pb_column][\/et_pb_row][et_pb_row column_structure=\u00a0\u00bb2_5,3_5&Prime; _builder_version=\u00a0\u00bb3.29.2&Prime; _i=\u00a0\u00bb3&Prime; _address=\u00a0\u00bb0.3&Prime;][et_pb_column type=\u00a0\u00bb2_5&Prime; _builder_version=\u00a0\u00bb3.29.2&Prime; _i=\u00a0\u00bb0&Prime; _address=\u00a0\u00bb0.3.0&Prime;][et_pb_image src=\u00a0\u00bbhttps:\/\/ostara-france.org\/wp-content\/uploads\/2020\/12\/JM_Portrait_carre2.jpg\u00a0\u00bb _builder_version=\u00a0\u00bb3.29.2&Prime; width=\u00a0\u00bb59%\u00a0\u00bb _i=\u00a0\u00bb0&Prime; _address=\u00a0\u00bb0.3.0.0&Prime;][\/et_pb_image][\/et_pb_column][et_pb_column type=\u00a0\u00bb3_5&Prime; _builder_version=\u00a0\u00bb3.29.2&Prime; _i=\u00a0\u00bb1&Prime; _address=\u00a0\u00bb0.3.1&Prime;][et_pb_text _builder_version=\u00a0\u00bb3.29.2&Prime; custom_margin=\u00a0\u00bb|||-162px|false|false\u00a0\u00bb hover_enabled=\u00a0\u00bb0&Prime; _i=\u00a0\u00bb0&Prime; _address=\u00a0\u00bb0.3.1.0&Prime;]<\/p>\n<p style=\"text-align: justify;\"><strong>JULIETTE MONTIER &#8211; NATUROPATHE<\/strong><br \/> En tant qu\u2019\u00e9ducatrice de sant\u00e9, le r\u00f4le de Juliette Montier est de rendre l\u2019individu autonome sur la compr\u00e9hension de son organisme et de lui redonner les cl\u00e9s pour entretenir sa vitalit\u00e9 au quotidien.<br \/> Reconnue par l\u2019organisme mondial de la sant\u00e9 au m\u00eame titre que la m\u00e9decine chinoise ou la m\u00e9decine ayurv\u00e9dique, la naturopathie est la m\u00e9decine traditionnelle occidentale, approche holistique consid\u00e9rant l\u2019individu dans sa globalit\u00e9.<br \/> Compl\u00e9mentaire au parcours de soin allopathique, la naturopathie utilise des outils naturels pour r\u00e9pondre aux troubles et d\u00e9s\u00e9quilibres de l\u2019individu afin de favoriser la pr\u00e9vention sur le long terme.<br \/> L\u2019hygi\u00e8ne de vie, l\u2019\u00e9quilibre alimentaire, la capacit\u00e9 d\u2019\u00e9limination et l\u2019\u00e9quilibre psycho-\u00e9motionnel sont ses quatre axes de travail principaux.<br \/> Outre les accompagnements personnalis\u00e9s en cabinet, Juliette Montier diffuse la notion de soin \u00e0 soi sous la forme d&rsquo;ateliers, pour favoriser l&rsquo;accessibilit\u00e9 aux informations et l&rsquo;autonomisation de l&rsquo;individu.<\/p>\n<p style=\"text-align: justify;\">Plus d&rsquo;info : <a href=\"http:\/\/www.juliette-montier-naturopathe.fr\">www.juliette-montier-naturopathe.fr<\/a><\/p>\n<p style=\"text-align: justify;\">Cabinet : 8 rue Chinard, 69009 Lyon<\/p>\n<p>[\/et_pb_text][\/et_pb_column][\/et_pb_row][et_pb_row _builder_version=\u00a0\u00bb3.29.2&Prime; custom_padding=\u00a0\u00bb95px|||||\u00a0\u00bb _i=\u00a0\u00bb4&Prime; _address=\u00a0\u00bb0.4&Prime;][et_pb_column type=\u00a0\u00bb4_4&Prime; _builder_version=\u00a0\u00bb3.29.2&Prime; _i=\u00a0\u00bb0&Prime; _address=\u00a0\u00bb0.4.0&Prime;][et_pb_text _builder_version=\u00a0\u00bb3.29.2&Prime; text_font_size=\u00a0\u00bb36px\u00a0\u00bb locked=\u00a0\u00bboff\u00a0\u00bb _i=\u00a0\u00bb0&Prime; _address=\u00a0\u00bb0.4.0.0&Prime;]Racontez nous votre projet et rencontrons nous !&nbsp;[\/et_pb_text][et_pb_text _builder_version=\u00a0\u00bb3.29.2&Prime; _i=\u00a0\u00bb1&Prime; _address=\u00a0\u00bb0.4.0.1&Prime;]<\/p>\n<p>Mail de notre responsable p\u00e9dagogique :<\/p>\n<p><a href=\"mailto:contact@juliette-montier-naturopathe.fr\">contact@juliette-montier-naturopathe.fr<\/a><\/p>\n<p>Mail de l&rsquo;association :<\/p>\n<p><a href=\"mailto:contact@ostara-france.org\">contact@ostara-france.org<\/a><\/p>\n<p>&nbsp;<\/p>\n<p>[\/et_pb_text][\/et_pb_column][\/et_pb_row][\/et_pb_section]<\/p>\n","protected":false},"excerpt":{"rendered":"<p>[et_pb_section fb_built=\u00a0\u00bb1&Prime; _builder_version=\u00a0\u00bb3.29.2&Prime; custom_margin=\u00a0\u00bb||-55px|||\u00a0\u00bb locked=\u00a0\u00bboff\u00a0\u00bb fb_built=\u00a0\u00bb1&Prime; _i=\u00a0\u00bb0&Prime; _address=\u00a0\u00bb0&Prime;][et_pb_row _builder_version=\u00a0\u00bb3.29.2&Prime; _i=\u00a0\u00bb0&Prime; _address=\u00a0\u00bb0.0&Prime;][et_pb_column type=\u00a0\u00bb4_4&Prime; _builder_version=\u00a0\u00bb3.29.2&Prime; _i=\u00a0\u00bb0&Prime; _address=\u00a0\u00bb0.0.0&Prime;][et_pb_text _builder_version=\u00a0\u00bb3.29.2&Prime; text_font_size=\u00a0\u00bb36px\u00a0\u00bb _i=\u00a0\u00bb0&Prime; _address=\u00a0\u00bb0.0.0.0&Prime;]Nos actions de sensibilisation pour enfants[\/et_pb_text][\/et_pb_column][\/et_pb_row][et_pb_row column_structure=\u00a0\u00bb1_3,1_3,1_3&Prime; _builder_version=\u00a0\u00bb3.29.2&Prime; _i=\u00a0\u00bb1&Prime; _address=\u00a0\u00bb0.1&Prime;][et_pb_column type=\u00a0\u00bb1_3&Prime; _builder_version=\u00a0\u00bb3.29.2&Prime; [&hellip;]<\/p>\n","protected":false},"author":1,"featured_media":0,"parent":0,"menu_order":0,"comment_status":"closed","ping_status":"closed","template":"","meta":{"_et_pb_use_builder":"on","_et_pb_old_content":"","footnotes":""},"class_list":["post-3324","page","type-page","status-publish","hentry"],"_links":{"self":[{"href":"https:\/\/ostara-france.org\/index.php\/wp-json\/wp\/v2\/pages\/3324","targetHints":{"allow":["GET"]}}],"collection":[{"href":"https:\/\/ostara-france.org\/index.php\/wp-json\/wp\/v2\/pages"}],"about":[{"href":"https:\/\/ostara-france.org\/index.php\/wp-json\/wp\/v2\/types\/page"}],"author":[{"embeddable":true,"href":"https:\/\/ostara-france.org\/index.php\/wp-json\/wp\/v2\/users\/1"}],"replies":[{"embeddable":true,"href":"https:\/\/ostara-france.org\/index.php\/wp-json\/wp\/v2\/comments?post=3324"}],"version-history":[{"count":16,"href":"https:\/\/ostara-france.org\/index.php\/wp-json\/wp\/v2\/pages\/3324\/revisions"}],"predecessor-version":[{"id":3649,"href":"https:\/\/ostara-france.org\/index.php\/wp-json\/wp\/v2\/pages\/3324\/revisions\/3649"}],"wp:attachment":[{"href":"https:\/\/ostara-france.org\/index.php\/wp-json\/wp\/v2\/media?parent=3324"}],"curies":[{"name":"wp","href":"https:\/\/api.w.org\/{rel}","templated":true}]}}