{"id":3311,"date":"2021-11-25T15:37:41","date_gmt":"2021-11-25T15:37:41","guid":{"rendered":"https:\/\/ostara-france.org\/?page_id=3311"},"modified":"2022-08-19T15:39:38","modified_gmt":"2022-08-19T15:39:38","slug":"la-permaculture-urbaine","status":"publish","type":"page","link":"https:\/\/ostara-france.org\/index.php\/la-permaculture-urbaine\/","title":{"rendered":"La Permaculture Urbaine"},"content":{"rendered":"<p>[et_pb_section fb_built=\u00a0\u00bb1&Prime; _builder_version=\u00a0\u00bb3.29.2&Prime; background_color=\u00a0\u00bb#ffffff\u00a0\u00bb locked=\u00a0\u00bboff\u00a0\u00bb fb_built=\u00a0\u00bb1&Prime; _i=\u00a0\u00bb0&Prime; _address=\u00a0\u00bb0&Prime;][et_pb_row _builder_version=\u00a0\u00bb3.29.2&Prime; custom_padding=\u00a0\u00bb0px|||||\u00a0\u00bb _i=\u00a0\u00bb0&Prime; _address=\u00a0\u00bb0.0&Prime;][et_pb_column type=\u00a0\u00bb4_4&Prime; _builder_version=\u00a0\u00bb3.29.2&Prime; _i=\u00a0\u00bb0&Prime; _address=\u00a0\u00bb0.0.0&Prime;][et_pb_text _builder_version=\u00a0\u00bb3.29.2&Prime; header_font_size=\u00a0\u00bb44px\u00a0\u00bb custom_margin=\u00a0\u00bb14px|48px||48px|false|true\u00a0\u00bb _i=\u00a0\u00bb0&Prime; _address=\u00a0\u00bb0.0.0.0&Prime;]<\/p>\n<h1><\/h1>\n<h1><\/h1>\n<h1><\/h1>\n<h1><\/h1>\n<h1><\/h1>\n<h1><span style=\"color: #339966;\">La Permaculture Urbaine, kesako ?\u00a0<\/span><\/h1>\n<p style=\"text-align: justify;\"><span style=\"font-weight: 400;\"><\/span><\/p>\n<p style=\"text-align: justify;\"><i><span>\u201c Le but est de d\u00e9velopper des modes de vie et de fonctionnement qui ne nuisent pas \u00e0 l&rsquo;environnement, qui soient viables \u00e9conomiquement, qui subviennent \u00e0 leurs propres besoins, qui n\u2019abuse ni des humains ni du vivant, qui ne polluent pas la terre, et qui, par cons\u00e9quent, sont durable sur le long terme. \u201d<\/span><\/i><\/p>\n<p style=\"text-align: justify;\"><span>Bill Mollison<\/span><\/p>\n<p><span><\/span><\/p>\n<p><span><\/span><\/p>\n<p style=\"text-align: left;\"><span style=\"font-weight: 400;\"> <\/span><\/p>\n<p>[\/et_pb_text][et_pb_text _builder_version=\u00a0\u00bb3.29.2&Prime; header_font_size=\u00a0\u00bb44px\u00a0\u00bb custom_margin=\u00a0\u00bb14px|48px||48px|false|true\u00a0\u00bb _i=\u00a0\u00bb1&Prime; _address=\u00a0\u00bb0.0.0.1&Prime;]<\/p>\n<h2><span>D\u2019o\u00f9 vient le concept de la Permaculture ? <\/span><\/h2>\n<p><span><\/span><\/p>\n<p style=\"text-align: justify;\"><span>La permaculture peut \u00eatre consid\u00e9r\u00e9e comme la simple mais complexe association entre l\u2019adaptation de l\u2019Homme \u00e0 son milieu, l\u2019agriculture naturelle et l\u2019\u00e9cologie. Ses objectifs visent \u00e0 minimiser les d\u00e9chets, le travail humain et l\u2019apport d\u2019\u00e9nergie par l\u2019utilisation de syst\u00e8mes qui permettent d\u2019obtenir une production durable, riche et diversifi\u00e9e. Ces syst\u00e8mes puisent dans des observations ancestrales et dans des plus r\u00e9centes qui \u00e9mergent en parall\u00e8le de l&rsquo;av\u00e8nement de l\u2019agriculture intensive et sur-contr\u00f4l\u00e9e.<\/span><\/p>\n<p style=\"text-align: justify;\"><span>Ce concept de vie et d\u2019agriculture puise dans plusieurs influences majeures, notamment l\u2019approvisionnement en eau de Percival Alfred Yeomans. l\u2019agriculture naturelle de Masanobu Fukuoka et l\u2019\u00e9cologie \u00e9nerg\u00e9tique des fr\u00e8res Odum.<\/span><\/p>\n<p style=\"text-align: justify;\"><span><\/span><\/p>\n<ul style=\"text-align: justify;\">\n<li aria-level=\"1\">\n<h3><span>Masanobu Fukuoka (1913-2008)<\/span><span> :\u00a0<\/span><\/h3>\n<\/li>\n<\/ul>\n<p style=\"text-align: justify;\"><span>Consid\u00e9r\u00e9 comme l\u2019un des pr\u00e9d\u00e9cesseurs de la permaculture, on lui doit le concept de <\/span><b>l\u2019agriculture naturelle<\/b><span>.<\/span><\/p>\n<p style=\"text-align: justify;\"><span>En effet, ce paysan japonais a d\u00e9velopp\u00e9 une m\u00e9thode efficace d\u2019agriculture naturelle.\u00a0<\/span><\/p>\n<p style=\"text-align: justify;\"><span>La m\u00e9thode d\u2019agriculture qu\u2019il promeut ne n\u00e9cessite ni labour, ni pesticides, ni d\u00e9sherbage&#8230; et surtout, elle demande tr\u00e8s peu de travail.\u00a0<\/span><\/p>\n<p style=\"text-align: justify;\"><span>Il obtient n\u00e9anmoins des rendements importants et riches en diversit\u00e9 en choisissant attentivement le<\/span><b> moment des semis et les associations de plantes cultiv\u00e9es<\/b><span>. Il a ainsi amplement donn\u00e9 du sens au travail de l\u2019harmonie entre l\u2019Humain et la nature.<\/span><\/p>\n<p style=\"text-align: justify;\"><span>A la suite de son exp\u00e9rience en Afrique en 1985, il documente les m\u00e9thodes d\u2019agriculture naturelles applicables aux zones d\u00e9sertiques de la plan\u00e8te. Bien \u00e9videmment il n\u2019est pas question d&rsquo;am\u00e9nagements du paysage par l&rsquo;abattement d\u2019arbres o\u00f9 \u00e0 l\u2019aide de labour des sols, il s\u2019agit plut\u00f4t de mettre \u00e0 contribution les ressources d\u00e9j\u00e0 pr\u00e9sentes dans le milieu (disponibilit\u00e9 de l\u2019eau dans le sol par exemple).<\/span><\/p>\n<p style=\"text-align: justify;\"><span>En 1986,\u00a0 il participe entre autres \u00e0 la deuxi\u00e8me conf\u00e9rence internationale de PermaCulture, \u00e0 Breitenbush Hot Springs &amp; Olympia (EU) et s\u2019affirme par la m\u00eame occasion comme un acteur investi dans la transmission des notions permaculturelles.<\/span><\/p>\n<p style=\"text-align: justify;\"><span>L\u2019agriculture du non agir est le pilier des connaissances transmises par Masanobu Fukuoka et son influence continue de nourrir les concepteurs, horticulteurs et autres acteurs de la permaculture.<\/span><\/p>\n<p style=\"text-align: justify;\"><span><\/span><\/p>\n<ul style=\"text-align: justify;\">\n<li aria-level=\"1\">\n<h3><span>Eugene Odum (1913-2002) et Howard T. Odum (1924-2002)<\/span><\/h3>\n<\/li>\n<\/ul>\n<p style=\"text-align: justify;\"><span>A l\u2019origine du premier v\u00e9ritable trait\u00e9 d&rsquo;\u00e9cologie avec la publication de <\/span><i><span>Fundamentals of Ecology <\/span><\/i><span>en 1953, les fr\u00e8res Odum ont d\u00e9velopp\u00e9 la science de l\u2019analyse de la circulation de la mati\u00e8re et de l\u2019\u00e9nergie mais ont \u00e9galement approfondi la description et l&rsquo;\u00e9valuation du fonctionnement des \u00e9cosyst\u00e8mes.\u00a0<\/span><\/p>\n<p style=\"text-align: justify;\"><span>Des recherches de ces \u00e9cologues s\u2019est \u00e9labor\u00e9 le principe selon lequel <\/span><b>les \u00e9cosyst\u00e8mes les plus riches en biodiversit\u00e9 sont les plus p\u00e9rennes<\/b><b> et les plus efficaces dans l\u2019utilisation des flux \u00e9nerg\u00e9tiques.\u00a0<\/b><\/p>\n<p style=\"text-align: justify;\"><span>Des travaux exp\u00e9rimentaux, conduits dans les ann\u00e9es 1990 et effectu\u00e9s \u00e0 une \u00e9chelle europ\u00e9enne, viendront confirmer ce principe en d\u00e9montrant que, pour les plantes herbac\u00e9es, la productivit\u00e9 dans les cultures diversifi\u00e9es est largement meilleure que dans les monocultures.<\/span><\/p>\n<p style=\"text-align: justify;\"><span>Les Fr\u00e8res Odum ont ainsi et gr\u00e2ce \u00e0 leurs recherches, princi\u00e8rement enrichit la compr\u00e9hension des interactions \u00e0 l\u2019int\u00e9rieur des \u00e9cosyst\u00e8mes\u00a0\u00a0<\/span><\/p>\n<p style=\"text-align: justify;\"><span><\/span><\/p>\n<ul style=\"text-align: justify;\">\n<li aria-level=\"1\">\n<h3><span>Perceval Alfred YEOMANS (1904-1984) :<\/span><\/h3>\n<\/li>\n<\/ul>\n<p style=\"text-align: justify;\"><span>A l\u2019origine du <\/span><i><span>Keyline Design<\/span><\/i><span> largement r\u00e9pandu en permaculture, cet agriculteur australien s\u2019est int\u00e9ress\u00e9 aux m\u00e9thodes d\u2019am\u00e9nagement des espaces agricoles, orient\u00e9es sur la gestion des eaux de ruissellement, la r\u00e9g\u00e9n\u00e9ration des sols et la s\u00e9questration de carbone.<\/span><\/p>\n<p style=\"text-align: justify;\"><span>Son objectif initial \u00e9tait de repenser l&rsquo;am\u00e9nagement de sa ferme suite au constat tragique que beaucoup de maux en agriculture \u00e9taient dus \u00e0 une mauvaise planification agricole et \u00e0 une incompr\u00e9hension de la topographie.\u00a0<\/span><\/p>\n<p style=\"text-align: justify;\"><span>Les principes de l\u2019am\u00e9nagement keyline reposent sur une m\u00e9thodologie d\u2019<\/span><b>am\u00e9nagement du paysage <\/b><span>(c\u2019est une nouveaut\u00e9 de prendre en compte les \u00e9l\u00e9ments qui accompagnent la parcelle \u00e0 cultiver)<\/span><b>.\u00a0 <\/b><span>Repris en permaculture sous le nom de \u201c<\/span><i><span>Design<\/span><\/i><span>\u201d l\u2019objectif reste le d\u00e9veloppement d\u2019un sol profond, bien a\u00e9r\u00e9 et pr\u00e9sentant une <\/span><b>fertilit\u00e9 biologique importante<\/b><span> gr\u00e2ce \u00e0 un am\u00e9nagement r\u00e9fl\u00e9chi et qui demande peu de moyens.\u00a0<\/span><\/p>\n<p style=\"text-align: justify;\"><span>Perceval A.Y. instaure des priorit\u00e9s lors de l\u2019organisation des \u00e9l\u00e9ments d\u2019un paysage. Cette m\u00e9thodologie porte maintenant le nom de l\u2019\u00e9chelle de Keyline :<\/span><\/p>\n<p style=\"text-align: justify;\"><span>Dans un premier temps, consid\u00e9rer le relief, le climat, l\u2019environnement du terrain, ensuite se pencher sur la gestion de la ressource en eau et par la suite, seulement et dans cet ordre l\u00e0,\u00a0 sur les chemins, les boisements, les b\u00e2timents et les cl\u00f4tures.\u00a0<\/span><\/p>\n<p style=\"text-align: justify;\"><span>Inspir\u00e9 par la lecture de paysages, cet agriculteur nomme comme point clef la zone de transition dans les vall\u00e9es o\u00f9 la pente dite \u00e9rosive devient d\u00e9positaire. C\u2019est la courbe de niveau passant par cette zone (point clef) qu\u2019il nomme ligne clef ou <\/span><i><span>Keyline<\/span><\/i><span> qui servira de r\u00e9f\u00e9rence pour l\u2019a\u00e9ration du sol, l\u2019infiltration de l\u2019eau et le contr\u00f4le de l\u2019eau de surface.\u00a0<\/span><\/p>\n<p style=\"text-align: justify;\"><span>Ces principes qu\u2019il nous transmet sont \u00e0 consid\u00e9rer avant de travailler un champ, poser une cl\u00f4ture, cr\u00e9er un barrage et particuli\u00e8rement avant l\u2019acquisition d\u2019un terrain.\u00a0<\/span><\/p>\n<p style=\"text-align: justify;\"><span><\/span><\/p>\n<ul style=\"text-align: justify;\">\n<li aria-level=\"1\">\n<h3><span>La naissance du terme\u00a0 Permaculture<\/span><span>\u00a0:<\/span><\/h3>\n<\/li>\n<\/ul>\n<p style=\"text-align: justify;\"><span>\u00c0 la fin des ann\u00e9es 1960 en Australie, un enseignant en \u00c9cologie, <\/span><b>Bill Mollison<\/b><span> et un essayiste, <\/span><b>David Holmgren<\/b><span>, constatent le danger de l\u2019utilisation intensive des m\u00e9thodes agricoles industrielles. Leur opinion est arr\u00eat\u00e9e : ces m\u00e9thodes sont d\u00e9pendantes des ressources fossiles, elles empoisonnent l\u2019eau, d\u00e9truisent les paysages, r\u00e9duisent la biodiversit\u00e9 et privent les sols autrefois fertiles de milliards de tonnes de terre v\u00e9g\u00e9tale.\u00a0<\/span><\/p>\n<p style=\"text-align: justify;\"><span>Leur r\u00e9ponse face \u00e0 ce constat fut le d\u00e9veloppement d\u2019une approche de conception de paysage qu\u2019ils appellent alors <\/span><b>permaculture<\/b><span>. En 1978 ils publient leur livre <\/span><i><span>Permaculture One<\/span><\/i><span> qui \u00e0 l\u2019heure actuelle est consid\u00e9r\u00e9 comme le point de d\u00e9part de cette approche.\u00a0<\/span><\/p>\n<p style=\"text-align: justify;\"><span>Peu de temps apr\u00e8s la publication de leur livre, David d\u00e9cide de rester sur le lieu qu\u2019il a cr\u00e9\u00e9 avec Bill afin de d\u00e9velopper des techniques et des am\u00e9nagements tandis que Bill M. affine et d\u00e9veloppe ses id\u00e9es. Mollison con\u00e7oit des centaines de sites de permaculture et \u00e9crit d\u2019autres livres plus d\u00e9taill\u00e9s (<\/span><i><span>Permaculture: A Designers Manual<\/span><\/i><span>).\u00a0<\/span><\/p>\n<p style=\"text-align: justify;\"><span>De la conception de syst\u00e8mes agricoles, la permaculture se rend maintenant responsable des habitats humains durables. Cet enseignant projette une expansion rapide de son concept encourageant les dipl\u00f4m\u00e9s \u00e0 devenir eux-m\u00eames des enseignants et \u00e0 cr\u00e9er leurs propres instituts et sites de d\u00e9monstration. Cette conviction le poussera \u00e0 donner de nombreuses conf\u00e9rences \u00e0 travers le monde et \u00e0 dispenser des cours de design en permaculture.\u00a0<\/span><\/p>\n<p style=\"text-align: justify;\">[\/et_pb_text][et_pb_text _builder_version=\u00a0\u00bb3.29.2&Prime; header_font_size=\u00a0\u00bb44px\u00a0\u00bb custom_margin=\u00a0\u00bb14px|48px||48px|false|true\u00a0\u00bb _i=\u00a0\u00bb2&Prime; _address=\u00a0\u00bb0.0.0.2&Prime;]<\/p>\n<h2><span>Qu\u2019est-ce que la Permaculture ?\u00a0<\/span><\/h2>\n<p><b><\/b><\/p>\n<p><b><\/b><\/p>\n<p style=\"text-align: justify;\"><b>On peut donc d\u00e9finir la Permaculture simplement, comme une science, un art de l\u2019am\u00e9nagement d\u2019\u00e9cosyst\u00e8mes humains r\u00e9silients et durables dans le temps.\u00a0<\/b><\/p>\n<p style=\"text-align: justify;\"><span>Sa philosophie se base sur 3 piliers majeurs :\u00a0<\/span><\/p>\n<ul style=\"text-align: justify;\">\n<li aria-level=\"1\"><b>Prendre soin de la Terre<\/b><span>, c\u2019est s\u2019assurer du respect de l\u2019environnement. La Terre est l\u2019\u00e9l\u00e9ment principal \u00e0 consid\u00e9rer puisque l\u2019Homme vit et \u00e9volue gr\u00e2ce \u00e0 ses ressources et que l\u2019\u00e9volution des \u00eatres humains ne peut pas se faire sans une Terre en bonne sant\u00e9.\u00a0<\/span><\/li>\n<li aria-level=\"1\"><b>Prendre soin des autres<\/b><span>, c\u2019est penser collectivement et intuitivement pour s\u2019assurer que chaque personne acc\u00e8de aux ressources n\u00e9cessaires \u00e0 son existence.<\/span><\/li>\n<li aria-level=\"1\"><b>Cr\u00e9er de l\u2019abondance et la redistribuer \u00e9quitablement<\/b><span>, c\u2019est r\u00e9investir les reliquats dans le syst\u00e8me en respect avec les deux premiers piliers. Cela inclut entre-autre la consid\u00e9ration des d\u00e9chets pour \u00eatre recycl\u00e9s en mati\u00e8re premi\u00e8re.<\/span><\/li>\n<\/ul>\n<p style=\"text-align: justify;\"><span><\/span><\/p>\n<p>[\/et_pb_text][\/et_pb_column][\/et_pb_row][et_pb_row column_structure=\u00a0\u00bb1_2,1_2&Prime; _builder_version=\u00a0\u00bb3.29.2&Prime; _i=\u00a0\u00bb1&Prime; _address=\u00a0\u00bb0.1&Prime;][et_pb_column type=\u00a0\u00bb1_2&Prime; _builder_version=\u00a0\u00bb3.29.2&Prime; _i=\u00a0\u00bb0&Prime; _address=\u00a0\u00bb0.1.0&Prime;][et_pb_text _builder_version=\u00a0\u00bb3.29.2&Prime; header_font_size=\u00a0\u00bb44px\u00a0\u00bb custom_margin=\u00a0\u00bb14px|48px||48px|false|true\u00a0\u00bb _i=\u00a0\u00bb0&Prime; _address=\u00a0\u00bb0.1.0.0&Prime;]<\/p>\n<p><span>Mais aussi sur plusieurs principes qui permettent eux aussi de nous guider dans notre processus de design :\u00a0<\/span><\/p>\n<p><span>1) <\/span><span>Observer et interagir<\/span><\/p>\n<p><span>2) Capter et stocker l\u2019\u00e9nergie<\/span><\/p>\n<p><span>3) Obtenir une production<\/span><\/p>\n<p><span>4) Appliquer l\u2019autor\u00e9gulation et accepter la r\u00e9troaction<\/span><\/p>\n<p><span>5) Utiliser et valoriser les ressources et les services renouvelables<\/span><\/p>\n<p><span>6) Ne produire aucun d\u00e9chet<\/span><\/p>\n<p><span>7) Partir structures d\u2019ensemble pour aller aux d\u00e9tails\u00a0<\/span><\/p>\n<p><span>8) Int\u00e9grer au lieu de s\u00e9parer<\/span><\/p>\n<p><span>9) Utiliser des solutions \u00e0 petites \u00e9chelles et avec patience\u00a0<\/span><\/p>\n<p><span>10) Utiliser et valoriser la diversit\u00e9\u00a0<\/span><\/p>\n<p><span>11) Utiliser les interfaces et valoriser les bordures<\/span><\/p>\n<p><span>12) Face au changement, r\u00e9agir de mani\u00e8re cr\u00e9ative\u00a0<\/span><\/p>\n<p><span><\/span><\/p>\n<p>[\/et_pb_text][\/et_pb_column][et_pb_column type=\u00a0\u00bb1_2&Prime; _builder_version=\u00a0\u00bb3.29.2&Prime; _i=\u00a0\u00bb1&Prime; _address=\u00a0\u00bb0.1.1&Prime;][et_pb_image src=\u00a0\u00bbhttps:\/\/ostara-france.org\/wp-content\/uploads\/2021\/11\/schema-permaculture-.png\u00a0\u00bb _builder_version=\u00a0\u00bb3.29.2&Prime; hover_enabled=\u00a0\u00bb0&Prime; _i=\u00a0\u00bb0&Prime; _address=\u00a0\u00bb0.1.1.0&Prime; show_in_lightbox=\u00a0\u00bbon\u00a0\u00bb][\/et_pb_image][\/et_pb_column][\/et_pb_row][et_pb_row _builder_version=\u00a0\u00bb3.29.2&Prime; _i=\u00a0\u00bb2&Prime; _address=\u00a0\u00bb0.2&Prime;][et_pb_column type=\u00a0\u00bb4_4&Prime; _builder_version=\u00a0\u00bb3.29.2&Prime; _i=\u00a0\u00bb0&Prime; _address=\u00a0\u00bb0.2.0&Prime;][et_pb_text _builder_version=\u00a0\u00bb3.29.2&Prime; header_font_size=\u00a0\u00bb44px\u00a0\u00bb custom_margin=\u00a0\u00bb14px|48px||48px|false|true\u00a0\u00bb _i=\u00a0\u00bb0&Prime; _address=\u00a0\u00bb0.2.0.0&Prime;]<\/p>\n<p style=\"text-align: justify;\"><span>En r\u00e9sum\u00e9, nous pouvons dire que la Permaculture est un tr\u00e8s bon outils pour la gestion de projet. Elle cherche premi\u00e8rement \u00e0 \u00e9tudier comment l&rsquo;on peut r\u00e9pondre \u00e0 nos besoins humains en symbiose avec l&rsquo;environnement qui nous entoure. <\/span><\/p>\n<p style=\"text-align: justify;\"><span>Elle s\u2019inspire factuellement de plusieurs disciplines dont l\u2019agriculture biologique, l\u2019agroforesterie, l\u2019agriculture int\u00e9gr\u00e9e, le d\u00e9veloppement durable et l\u2019\u00e9cologie appliqu\u00e9e.<\/span><\/p>\n<p style=\"text-align: justify;\"><span>L\u2019int\u00e9r\u00eat principal de la permaculture ne porte donc pas sur chaque \u00e9l\u00e9ment s\u00e9par\u00e9ment, mais plut\u00f4t sur la synergie cr\u00e9\u00e9e entre les \u00e9l\u00e9ments par l\u2019agencement de l&rsquo;ensemble dans le but que le tout deviennent plus productif que la somme des constituants. C\u2019est pour cela que la principale technique en Permaculture est le design et non les diff\u00e9rentes techniques agro\u00e9cologiques.\u00a0<\/span><\/p>\n<p style=\"text-align: justify;\"><span>Ce concept \u00e9volue avec le temps en s\u2019adaptant aux maux de l\u2019humanit\u00e9 et permet de d\u00e9velopper des syst\u00e8mes complexes qui fournissent une production suffisante en aliments, en mat\u00e9riaux et \u00e9nergies en consacrant un apport minimal en ressources (temps, \u00e9nergie, argent.). Elle s\u2019applique le plus souvent \u00e0 l\u2019am\u00e9nagement paysager et \u00e0 la conception de logements mais elle peut \u00eatre un outil pour tout type de projet.\u00a0<\/span><\/p>\n<p style=\"text-align: justify;\"><i><span>\u201cThough the problems of the world are increasingly complex, the solutions remain embarrassingly simple.\u201d<\/span><\/i><\/p>\n<p style=\"text-align: justify;\"><span>Bill Mollison.<\/span><\/p>\n<p>[\/et_pb_text][\/et_pb_column][\/et_pb_row][et_pb_row _builder_version=\u00a0\u00bb3.29.2&Prime; _i=\u00a0\u00bb3&Prime; _address=\u00a0\u00bb0.3&Prime;][et_pb_column type=\u00a0\u00bb4_4&Prime; _builder_version=\u00a0\u00bb3.29.2&Prime; _i=\u00a0\u00bb0&Prime; _address=\u00a0\u00bb0.3.0&Prime;][et_pb_text _builder_version=\u00a0\u00bb3.29.2&Prime; header_font_size=\u00a0\u00bb44px\u00a0\u00bb custom_margin=\u00a0\u00bb14px|48px||48px|false|true\u00a0\u00bb _i=\u00a0\u00bb0&Prime; _address=\u00a0\u00bb0.3.0.0&Prime;]<\/p>\n<h2><span>Qu\u2019est-ce que la Permaculture Urbaine ?\u00a0<\/span><\/h2>\n<p><span><\/span><\/p>\n<p><span><\/span><\/p>\n<p style=\"text-align: justify;\"><span>Vous l\u2019aurez compris, la Permaculture vise aujourd\u2019hui plus largement les \u00e9cosyst\u00e8mes humains et non les techniques agricoles. C\u2019est pour cela qu\u2019au sein de l\u2019association Ostara nous avons eu l\u2019id\u00e9e d\u2019exp\u00e9rimenter cette science-art dans un milieu complexe et qui est \u00e0 l\u2019origine d\u2019une grande partie des maux de l\u2019humanit\u00e9 : la Ville.<\/span><\/p>\n<p style=\"text-align: justify;\"><span>Pour nous, la Permaculture Urbaine permet d\u2019\u00e9tudier une ville plus largement et de cr\u00e9er des synergies entre son territoire et les territoires \u00e0 proximit\u00e9 afin de relocaliser le plus possible les \u00e9changes humains et donc r\u00e9duire les externalit\u00e9s n\u00e9gatives dans le monde entier par effet papillon. A plus petite \u00e9chelle, elle permet de repenser tout type d&rsquo;am\u00e9nagement (immeuble, commerce, espace public, jardin\u2026) de mani\u00e8re plus durable et r\u00e9silient, en prenant les caract\u00e9ristiques intrins\u00e8ques de l\u2019espace urbain (humains, petits espaces, pollutions\u2026). Par exemple, au sein de notre Permalab dans le 9\u00e8me arrondissement de Lyon, nous essayons de trouver des solutions pour que les espaces verts, les jardins collectifs et priv\u00e9s soient plus respectueux de la Nature par le d\u00e9veloppement de la biodiversit\u00e9 et la gestion de l\u2019eau notamment. En effet, les besoins de ses acteurs n\u2019\u00e9tant pas de produire pour se nourrir prioritairement mais de cr\u00e9er des lieux de bien-\u00eatre, pourquoi auraient-ils besoin de pesticides et de milliers de m3 d\u2019eau pour entretenir leurs terrains ? Nous collaborons aussi avec les constructeurs de la Ville de demain comme les bailleurs sociaux et les promoteurs pour repenser les nouvelles constructions de mani\u00e8re plus \u00e9cologique.<\/span><\/p>\n<p style=\"text-align: justify;\"><span>Vu que les villes sont des milieux tr\u00e8s complexes, il va falloir coop\u00e9rer et mutualiser les moyens et comp\u00e9tences pour construire des villes \u201cPermaculturelles\u201d. C\u2019est pour cela que nous croyons fortement \u00e0 la diffusion des savoirs afin que tout un chacun puisse \u00eatre conscient et autonome dans ses d\u00e9marches et que chaque corps de m\u00e9tiers puisse aussi \u00e9voluer dans ses pratiques.\u00a0<\/span><\/p>\n<p><span>L\u2019Oignon fait la force !<\/span><\/p>\n<p>[\/et_pb_text][\/et_pb_column][\/et_pb_row][et_pb_row _builder_version=\u00a0\u00bb3.29.2&Prime; _i=\u00a0\u00bb4&Prime; _address=\u00a0\u00bb0.4&Prime;][et_pb_column type=\u00a0\u00bb4_4&Prime; _builder_version=\u00a0\u00bb3.29.2&Prime; _i=\u00a0\u00bb0&Prime; _address=\u00a0\u00bb0.4.0&Prime;][et_pb_image src=\u00a0\u00bbhttps:\/\/ostara-france.org\/wp-content\/uploads\/2021\/11\/Pre\u0301sentation-Permaculture-6e\u0300me-Sens.jpg\u00a0\u00bb _builder_version=\u00a0\u00bb3.29.2&Prime; width=\u00a0\u00bb94%\u00a0\u00bb _i=\u00a0\u00bb0&Prime; _address=\u00a0\u00bb0.4.0.0&Prime;][\/et_pb_image][\/et_pb_column][\/et_pb_row][\/et_pb_section]<\/p>\n","protected":false},"excerpt":{"rendered":"<p>[et_pb_section fb_built=\u00a0\u00bb1&Prime; _builder_version=\u00a0\u00bb3.29.2&Prime; background_color=\u00a0\u00bb#ffffff\u00a0\u00bb locked=\u00a0\u00bboff\u00a0\u00bb fb_built=\u00a0\u00bb1&Prime; _i=\u00a0\u00bb0&Prime; _address=\u00a0\u00bb0&Prime;][et_pb_row _builder_version=\u00a0\u00bb3.29.2&Prime; custom_padding=\u00a0\u00bb0px|||||\u00a0\u00bb _i=\u00a0\u00bb0&Prime; _address=\u00a0\u00bb0.0&Prime;][et_pb_column type=\u00a0\u00bb4_4&Prime; _builder_version=\u00a0\u00bb3.29.2&Prime; _i=\u00a0\u00bb0&Prime; _address=\u00a0\u00bb0.0.0&Prime;][et_pb_text _builder_version=\u00a0\u00bb3.29.2&Prime; header_font_size=\u00a0\u00bb44px\u00a0\u00bb custom_margin=\u00a0\u00bb14px|48px||48px|false|true\u00a0\u00bb _i=\u00a0\u00bb0&Prime; _address=\u00a0\u00bb0.0.0.0&Prime;] La Permaculture Urbaine, kesako ?\u00a0 \u201c Le but est [&hellip;]<\/p>\n","protected":false},"author":1,"featured_media":0,"parent":0,"menu_order":0,"comment_status":"closed","ping_status":"closed","template":"","meta":{"_et_pb_use_builder":"on","_et_pb_old_content":"","footnotes":""},"class_list":["post-3311","page","type-page","status-publish","hentry"],"_links":{"self":[{"href":"https:\/\/ostara-france.org\/index.php\/wp-json\/wp\/v2\/pages\/3311","targetHints":{"allow":["GET"]}}],"collection":[{"href":"https:\/\/ostara-france.org\/index.php\/wp-json\/wp\/v2\/pages"}],"about":[{"href":"https:\/\/ostara-france.org\/index.php\/wp-json\/wp\/v2\/types\/page"}],"author":[{"embeddable":true,"href":"https:\/\/ostara-france.org\/index.php\/wp-json\/wp\/v2\/users\/1"}],"replies":[{"embeddable":true,"href":"https:\/\/ostara-france.org\/index.php\/wp-json\/wp\/v2\/comments?post=3311"}],"version-history":[{"count":5,"href":"https:\/\/ostara-france.org\/index.php\/wp-json\/wp\/v2\/pages\/3311\/revisions"}],"predecessor-version":[{"id":3434,"href":"https:\/\/ostara-france.org\/index.php\/wp-json\/wp\/v2\/pages\/3311\/revisions\/3434"}],"wp:attachment":[{"href":"https:\/\/ostara-france.org\/index.php\/wp-json\/wp\/v2\/media?parent=3311"}],"curies":[{"name":"wp","href":"https:\/\/api.w.org\/{rel}","templated":true}]}}