{"id":3278,"date":"2021-11-20T18:42:13","date_gmt":"2021-11-20T18:42:13","guid":{"rendered":"https:\/\/ostara-france.org\/?page_id=3278"},"modified":"2026-02-18T18:00:06","modified_gmt":"2026-02-18T18:00:06","slug":"adherer","status":"publish","type":"page","link":"https:\/\/ostara-france.org\/index.php\/adherer\/","title":{"rendered":"Participer"},"content":{"rendered":"<p>[et_pb_section fb_built=\u00a0\u00bb1&Prime; fullwidth=\u00a0\u00bbon\u00a0\u00bb _builder_version=\u00a0\u00bb3.29.2&Prime; box_shadow_style=\u00a0\u00bbpreset1&Prime; box_shadow_spread=\u00a0\u00bb-6px\u00a0\u00bb locked=\u00a0\u00bboff\u00a0\u00bb fb_built=\u00a0\u00bb1&Prime; _i=\u00a0\u00bb0&Prime; _address=\u00a0\u00bb0&Prime;][et_pb_fullwidth_header title=\u00a0\u00bbParticiper ! \u00a0\u00bb _builder_version=\u00a0\u00bb3.29.2&Prime; title_font=\u00a0\u00bbComfortaa|700|||||||\u00a0\u00bb title_text_color=\u00a0\u00bbrgba(0,0,0,0)\u00a0\u00bb content_font_size=\u00a0\u00bb42px\u00a0\u00bb subhead_font_size=\u00a0\u00bb39px\u00a0\u00bb background_color=\u00a0\u00bbrgba(0,0,0,0)\u00a0\u00bb background_image=\u00a0\u00bbhttps:\/\/ostara-france.org\/wp-content\/uploads\/2021\/11\/permalab-2017.jpeg\u00a0\u00bb background_position=\u00a0\u00bbtop_left\u00a0\u00bb text_shadow_style=\u00a0\u00bbpreset5&Prime; _i=\u00a0\u00bb0&Prime; _address=\u00a0\u00bb0.0&Prime;]<\/p>\n<p style=\"text-align: center;\">Participer !&nbsp;<\/p>\n<p>[\/et_pb_fullwidth_header][\/et_pb_section][et_pb_section fb_built=\u00a0\u00bb1&Prime; _builder_version=\u00a0\u00bb3.29.2&Prime; fb_built=\u00a0\u00bb1&Prime; _i=\u00a0\u00bb1&Prime; _address=\u00a0\u00bb1&Prime;][et_pb_row _builder_version=\u00a0\u00bb3.29.2&Prime; _i=\u00a0\u00bb0&Prime; _address=\u00a0\u00bb1.0&Prime;][et_pb_column type=\u00a0\u00bb4_4&Prime; _builder_version=\u00a0\u00bb3.29.2&Prime; _i=\u00a0\u00bb0&Prime; _address=\u00a0\u00bb1.0.0&Prime;][et_pb_text _builder_version=\u00a0\u00bb3.29.2&Prime; _i=\u00a0\u00bb0&Prime; _address=\u00a0\u00bb1.0.0.0&Prime;]<\/p>\n<h3><strong>Qu\u2019est-ce qu\u2019Ostara ?<\/strong><\/h3>\n<p>Une association qui veut valoriser et promouvoir la Permaculture en milieu urbain par la cr\u00e9ation de jardins en Permaculture (Permalab), et par l&rsquo;organisation de formation en Permaculture.<\/p>\n<p>&nbsp;<\/p>\n<h3> <strong>Quels sont les actions d&rsquo;Ostara ?<\/strong><\/h3>\n<p>\ud83d\udfe1&nbsp; &nbsp;Revalorisation d\u2019un terrain de la M\u00e9tropole laiss\u00e9 \u00e0 l\u2019abandon : Cr\u00e9ation d\u2019un jardin exp\u00e9rimental en Permaculture cr\u00e9\u00e9e en 2016 situ\u00e9 derri\u00e8re les Petites Cantines \u00e0 proximit\u00e9 du m\u00e9tro Valmy.<\/p>\n<p>\ud83d\udfe1&nbsp; &nbsp;Installation et promotion de 6 bacs Incroyables Comestibles dans le 9 \u00e8me arrondissement. Le principe ? Tout le monde peut venir y planter fruits et l\u00e9gumes et comme tout le monde peut venir y cueillir les r\u00e9coltes.<\/p>\n<p>\ud83d\udfe1&nbsp; &nbsp;Participation et organisation d\u2019\u00e9v\u00e9nements et conf\u00e9rences sur la place de la nature dans le milieu urbain.<\/p>\n<p>\ud83d\udfe1&nbsp; &nbsp;Organisation de formations et ateliers : initiation au design , formation pratique au fil des saisons , permaculture humaine<br \/>\nBalades botaniques pour groupe scolaire et p\u00e9ri-scolaire<\/p>\n<p>&nbsp;<\/p>\n<h3><strong>Comment peut on participer dans l&rsquo;association ?<\/strong><\/h3>\n<p>L&rsquo;association et son permalab rassemblent des personnes souhaitant oeuvrer ensemble afin de trouver des alternatives pour accompagner les changements sociaux et environnementaux en milieu urbain . Quelques soit vos connaissances ou comp\u00e9tences, tout le monde peut oeuvrer et faire sa part dans le respect de la Nature, de l&rsquo;Humain tout en cr\u00e9ant de l&rsquo;abondance pour la redistribuer. Actuellement nous avons besoin de :<\/p>\n<p>\ud83d\udd90&nbsp; Jardiniers en herbe pour s&rsquo;occuper du jardin sans arrosage&nbsp;<\/p>\n<p>\ud83d\udd90&nbsp; Jardiniers en herbe pour animer et s&rsquo;occuper des bacs Incroyables Comestibles&nbsp;&nbsp;<\/p>\n<p>\ud83d\udd90&nbsp; Maitres-composteur pour recycler le plus de d\u00e9chets verts possibles dans le quartier&nbsp;<\/p>\n<p>\ud83d\udd90&nbsp; P\u00e9pini\u00e9ristes en herbe pour s&rsquo;occuper des semis et des boutures dans la serre&nbsp;<\/p>\n<p>\ud83d\udd90&nbsp; D&rsquo;amoureux.ses de la Nature pour sensibiliser petits et grands \u00e0 la Nature en ville&nbsp;<\/p>\n<p>\ud83d\udd90&nbsp; D&rsquo;amoureux.ses de la gestion administrative \ud83d\ude09<\/p>\n<p>&nbsp;<\/p>\n<h3>L&rsquo;adh\u00e9sion&nbsp;<\/h3>\n<p>L&rsquo;adh\u00e9sion est \u00e0 prix libre.<\/p>\n<p>Pour les structures comme les groupes scolaires, associations, \u00e9coles sup\u00e9rieures ou entreprises, veuillez adh\u00e9rer \u00e0 l&rsquo;adh\u00e9sion de groupe.&nbsp;<\/p>\n<p>Cette adh\u00e9sion r\u00e9pond aussi aux besoins de l&rsquo;association d&rsquo;assurer tous les participants aux activit\u00e9s propos\u00e9es, et lui permet de vendre sa production au sein d&rsquo;un cadre limit\u00e9, ne g\u00e9n\u00e9rant ainsi pas de concurrence d\u00e9loyale vis \u00e0 vis de professionnels de l&rsquo;agriculture. En cons\u00e9quence, cette adh\u00e9sion permet \u00e0 son d\u00e9tenteur de :<\/p>\n<p>\u2013 Acc\u00e9der au jardin de fa\u00e7on encadr\u00e9e<\/p>\n<p>\u2013 Acc\u00e9der aux activit\u00e9s conduites par Ostara : formations, chantiers participatifs, ateliers et autres \u00e9v\u00e9nements<\/p>\n<p>\u2013 Acc\u00e9der \u00e0 la vente de la production, \u00e0 des cueillettes, \u00e0 des ventes de plantes, graines, boutures, etc&#8230;<\/p>\n<p>_ Devenir membre bienveillant du Permalab : pole compost, pole serre, pole potager, pole jardin th\u00e9rapeutique, pole communication, pole administratif&#8230;<\/p>\n<p>Attention : le fait de pouvoir acc\u00e9der aux ventes et aux activit\u00e9s ne veut pas dire que celles-ci sont gratuites. En effet, en fonction de la nature de l&rsquo;activit\u00e9 et de la vente, il sera demand\u00e9 \u00e0 l&rsquo;adh\u00e9rent une participation financi\u00e8re suppl\u00e9mentaire.<br \/>\nCette mention ne s&rsquo;applique pas aux membres bienveillant qui viennent au Permalab au moins une fois par semaine pour g\u00e9rer un p\u00f4le.<\/p>\n<p>&nbsp;<\/p>\n<h3> Membre bienfaiteur<\/h3>\n<p>Pour ceux qui souhaitent juste aider ou soutenir l&rsquo;association, vous pouvez devenir membre bienfaiteur et effectuer un don du montant d\u00e9sir\u00e9 \u00e0 Ostara. Attention, le fait de devenir membre bienfaiteur n&rsquo;est pas une adh\u00e9sion en tant que telle et il faudra souscrire \u00e0 l&rsquo;une ou \u00e0 l&rsquo;autre des adh\u00e9sions pour pouvoir participer aux activit\u00e9s ou aux ventes.[\/et_pb_text][\/et_pb_column][\/et_pb_row][\/et_pb_section][et_pb_section fb_built=\u00a0\u00bb1&Prime; _builder_version=\u00a0\u00bb3.29.2&Prime; background_color=\u00a0\u00bbrgba(0,0,0,0)\u00a0\u00bb min_height=\u00a0\u00bb201px\u00a0\u00bb custom_margin=\u00a0\u00bb-53px||||false|false\u00a0\u00bb bottom_divider_style=\u00a0\u00bbmountains2&Prime; bottom_divider_color=\u00a0\u00bb#7a7369&Prime; bottom_divider_height=\u00a0\u00bb85px\u00a0\u00bb bottom_divider_flip=\u00a0\u00bbhorizontal\u00a0\u00bb saved_tabs=\u00a0\u00bball\u00a0\u00bb locked=\u00a0\u00bboff\u00a0\u00bb fb_built=\u00a0\u00bb1&Prime; _i=\u00a0\u00bb2&Prime; _address=\u00a0\u00bb2&Prime;][et_pb_row _builder_version=\u00a0\u00bb3.29.2&Prime; _i=\u00a0\u00bb0&Prime; _address=\u00a0\u00bb2.0&Prime;][et_pb_column type=\u00a0\u00bb4_4&Prime; _builder_version=\u00a0\u00bb3.29.2&Prime; _i=\u00a0\u00bb0&Prime; _address=\u00a0\u00bb2.0.0&Prime;][et_pb_text _builder_version=\u00a0\u00bb3.29.2&Prime; text_font_size=\u00a0\u00bb41px\u00a0\u00bb _i=\u00a0\u00bb0&Prime; _address=\u00a0\u00bb2.0.0.0&Prime;]Pour adh\u00e9rer ou faire un don :[\/et_pb_text][\/et_pb_column][\/et_pb_row][et_pb_row _builder_version=\u00a0\u00bb3.29.2&Prime; _i=\u00a0\u00bb1&Prime; _address=\u00a0\u00bb2.1&Prime;][et_pb_column type=\u00a0\u00bb4_4&Prime; _builder_version=\u00a0\u00bb3.29.2&Prime; _i=\u00a0\u00bb0&Prime; _address=\u00a0\u00bb2.1.0&Prime;][et_pb_code _builder_version=\u00a0\u00bb3.29.2&Prime; hover_enabled=\u00a0\u00bb0&Prime; _i=\u00a0\u00bb0&Prime; _address=\u00a0\u00bb2.1.0.0&Prime;]<iframe id=\"haWidget\" style=\"width: 100%; height: 750px; border: none;\" src=\"https:\/\/www.helloasso.com\/associations\/ostara-france\/adhesions\/ostara-2021\/widget\" scrolling=\"auto\"><\/iframe>[\/et_pb_code][\/et_pb_column][\/et_pb_row][\/et_pb_section][et_pb_section fb_built=\u00a0\u00bb1&Prime; fullwidth=\u00a0\u00bbon\u00a0\u00bb _builder_version=\u00a0\u00bb3.29.2&Prime; fb_built=\u00a0\u00bb1&Prime; _i=\u00a0\u00bb3&Prime; _address=\u00a0\u00bb3&Prime;][\/et_pb_section]<\/p>\n","protected":false},"excerpt":{"rendered":"<p>[et_pb_section fb_built=\u00a0\u00bb1&Prime; fullwidth=\u00a0\u00bbon\u00a0\u00bb _builder_version=\u00a0\u00bb3.29.2&Prime; box_shadow_style=\u00a0\u00bbpreset1&Prime; box_shadow_spread=\u00a0\u00bb-6px\u00a0\u00bb locked=\u00a0\u00bboff\u00a0\u00bb fb_built=\u00a0\u00bb1&Prime; _i=\u00a0\u00bb0&Prime; _address=\u00a0\u00bb0&Prime;][et_pb_fullwidth_header title=\u00a0\u00bbParticiper ! \u00a0\u00bb _builder_version=\u00a0\u00bb3.29.2&Prime; title_font=\u00a0\u00bbComfortaa|700|||||||\u00a0\u00bb title_text_color=\u00a0\u00bbrgba(0,0,0,0)\u00a0\u00bb content_font_size=\u00a0\u00bb42px\u00a0\u00bb subhead_font_size=\u00a0\u00bb39px\u00a0\u00bb background_color=\u00a0\u00bbrgba(0,0,0,0)\u00a0\u00bb background_image=\u00a0\u00bbhttps:\/\/ostara-france.org\/wp-content\/uploads\/2021\/11\/permalab-2017.jpeg\u00a0\u00bb background_position=\u00a0\u00bbtop_left\u00a0\u00bb text_shadow_style=\u00a0\u00bbpreset5&Prime; _i=\u00a0\u00bb0&Prime; _address=\u00a0\u00bb0.0&Prime;] Participer !&nbsp; [\/et_pb_fullwidth_header][\/et_pb_section][et_pb_section fb_built=\u00a0\u00bb1&Prime; _builder_version=\u00a0\u00bb3.29.2&Prime; fb_built=\u00a0\u00bb1&Prime; [&hellip;]<\/p>\n","protected":false},"author":1,"featured_media":0,"parent":0,"menu_order":0,"comment_status":"closed","ping_status":"closed","template":"","meta":{"_et_pb_use_builder":"on","_et_pb_old_content":"","footnotes":""},"class_list":["post-3278","page","type-page","status-publish","hentry"],"_links":{"self":[{"href":"https:\/\/ostara-france.org\/index.php\/wp-json\/wp\/v2\/pages\/3278","targetHints":{"allow":["GET"]}}],"collection":[{"href":"https:\/\/ostara-france.org\/index.php\/wp-json\/wp\/v2\/pages"}],"about":[{"href":"https:\/\/ostara-france.org\/index.php\/wp-json\/wp\/v2\/types\/page"}],"author":[{"embeddable":true,"href":"https:\/\/ostara-france.org\/index.php\/wp-json\/wp\/v2\/users\/1"}],"replies":[{"embeddable":true,"href":"https:\/\/ostara-france.org\/index.php\/wp-json\/wp\/v2\/comments?post=3278"}],"version-history":[{"count":7,"href":"https:\/\/ostara-france.org\/index.php\/wp-json\/wp\/v2\/pages\/3278\/revisions"}],"predecessor-version":[{"id":4356,"href":"https:\/\/ostara-france.org\/index.php\/wp-json\/wp\/v2\/pages\/3278\/revisions\/4356"}],"wp:attachment":[{"href":"https:\/\/ostara-france.org\/index.php\/wp-json\/wp\/v2\/media?parent=3278"}],"curies":[{"name":"wp","href":"https:\/\/api.w.org\/{rel}","templated":true}]}}