{"id":2582,"date":"2021-01-05T14:16:56","date_gmt":"2021-01-05T14:16:56","guid":{"rendered":"https:\/\/ostara-france.org\/?page_id=2582"},"modified":"2025-02-08T19:13:36","modified_gmt":"2025-02-08T19:13:36","slug":"cours-design-de-projets-en-permaculture","status":"publish","type":"page","link":"https:\/\/ostara-france.org\/index.php\/cours-design-de-projets-en-permaculture\/","title":{"rendered":"Cours design de projets en Permaculture"},"content":{"rendered":"<p>[et_pb_section fb_built=\u00a0\u00bb1&Prime; _builder_version=\u00a0\u00bb3.29.2&Prime; background_color=\u00a0\u00bbrgba(0,0,0,0)\u00a0\u00bb fb_built=\u00a0\u00bb1&Prime; _i=\u00a0\u00bb0&Prime; _address=\u00a0\u00bb0&Prime;][et_pb_row column_structure=\u00a0\u00bb1_2,1_2&Prime; _builder_version=\u00a0\u00bb3.29.2&Prime; background_color=\u00a0\u00bb#f7f7f7&Prime; width=\u00a0\u00bb96%\u00a0\u00bb min_height=\u00a0\u00bb729px\u00a0\u00bb custom_margin=\u00a0\u00bb-30px||||false|false\u00a0\u00bb custom_padding=\u00a0\u00bb||0px|||\u00a0\u00bb border_radii=\u00a0\u00bbon|5px|5px|5px|5px\u00a0\u00bb box_shadow_style=\u00a0\u00bbpreset1&Prime; box_shadow_vertical=\u00a0\u00bb0px\u00a0\u00bb box_shadow_blur=\u00a0\u00bb4px\u00a0\u00bb _i=\u00a0\u00bb0&Prime; _address=\u00a0\u00bb0.0&Prime;][et_pb_column type=\u00a0\u00bb1_2&Prime; _builder_version=\u00a0\u00bb3.29.2&Prime; _i=\u00a0\u00bb0&Prime; _address=\u00a0\u00bb0.0.0&Prime;][et_pb_text _builder_version=\u00a0\u00bb3.29.2&Prime; min_height=\u00a0\u00bb470px\u00a0\u00bb custom_padding=\u00a0\u00bb|||59px||\u00a0\u00bb _i=\u00a0\u00bb0&Prime; _address=\u00a0\u00bb0.0.0.0&Prime;]<\/p>\n<h1>Formation \u00e9co-construction<\/h1>\n<div data-v-00616304=\"\" data-v-09b5f27a=\"\" class=\"Edit\">\n<div data-v-00616304=\"\" class=\"CampaignHeader\">\n<div class=\"HaInputGroup CampaignHeader--ButtonSteps\"><\/div>\n<\/div>\n<\/div>\n<p>Nous vous invitons \u00e0 participer \u00e0 une formation compl\u00e8te en \u00e9co-construction qui se d\u00e9roulera au Permalab d&rsquo;Ostara. Cette formation vous apprendra \u00e0 transformer des mat\u00e9riaux simples et r\u00e9cup\u00e9r\u00e9s en ressources utiles pour vos projets tout en adoptant une approche \u00e9coresponsable. Structur\u00e9e en trois modules, cette formation pratique est id\u00e9ale pour ceux qui souhaitent allier bricolage et \u00e9cologie, que vous soyez d\u00e9butant ou exp\u00e9riment\u00e9.<\/p>\n<p><strong>Module 1 : Transformation des palettes<\/strong><br \/> Dans ce premier module, vous apprendrez \u00e0 r\u00e9utiliser des palettes en bois de mani\u00e8re efficace et durable. Vous d\u00e9couvrirez les techniques pour transformer ces mat\u00e9riaux simples en \u00e9l\u00e9ments de construction tout en r\u00e9duisant votre impact \u00e9cologique.<\/p>\n<p>Au programme :<br \/> &#8211; Choisir vos palettes : Savoir o\u00f9 et comment s\u00e9lectionner les palettes adapt\u00e9es \u00e0 vos besoins.<br \/> &#8211; Reconna\u00eetre les diff\u00e9rents types et traitements des palettes : Identifier les traitements pour garantir un usage s\u00fbr.<br \/> &#8211; D\u00e9faire proprement les planches : Ma\u00eetrisez les techniques pour d\u00e9monter les palettes sans endommager le bois.<br \/> &#8211; Trier et stocker vos planches : Organisez efficacement vos mat\u00e9riaux pour les projets futurs.<br \/> Pr\u00e9voir une tenue ad\u00e9quate pour cette journ\u00e9e de travaux pratiques.<\/p>\n<p>&nbsp;<\/p>\n<p><strong>Module 2 : Bac autonome en eau et fertilit\u00e9<\/strong><br \/> Ce deuxi\u00e8me module est d\u00e9di\u00e9 \u00e0 la cr\u00e9ation de bacs autonomes, un syst\u00e8me ing\u00e9nieux pour cultiver vos plantes tout en r\u00e9duisant les besoins en entretien. Vous apprendrez comment optimiser l&rsquo;autonomie en eau et en fertilit\u00e9 pour un jardinage durable.<\/p>\n<p>Au programme :<br \/> &#8211; Les avantages du bac autonome : Explorez les b\u00e9n\u00e9fices de ce syst\u00e8me, notamment l&rsquo;\u00e9conomie d&rsquo;eau et l&rsquo;am\u00e9lioration de la fertilit\u00e9 des sols.<br \/> &#8211; Son fonctionnement et entretien : D\u00e9couvrez comment ce bac fonctionne et les \u00e9tapes n\u00e9cessaires pour sa long\u00e9vit\u00e9.<br \/> &#8211; La r\u00e9alisation d&rsquo;un bac : Passez \u00e0 la pratique en construisant votre propre bac autonome, pr\u00eat \u00e0 l&#8217;emploi pour vos cultures.<br \/> Pr\u00e9parez-vous \u00e0 une journ\u00e9e riche en apprentissages pratiques, avec une tenue adapt\u00e9e aux travaux manuels.<\/p>\n<p>&nbsp;<\/p>\n<p><strong>Module 3 : Toilettes s\u00e8ches<\/strong><br \/> Le dernier module de cette formation vous plonge dans l&rsquo;univers des toilettes s\u00e8ches, une alternative \u00e9cologique aux syst\u00e8mes traditionnels. Vous apprendrez \u00e0 construire et entretenir ce syst\u00e8me, tout en d\u00e9couvrant comment valoriser les d\u00e9chets organiques.<\/p>\n<p>Au programme :<br \/> &#8211; Les avantages des toilettes s\u00e8ches : Comprenez les b\u00e9n\u00e9fices \u00e9cologiques et \u00e9conomiques de ce syst\u00e8me.<br \/> &#8211; Leur fonctionnement : Apprenez les principes de base qui rendent les toilettes s\u00e8ches si efficaces.<br \/> &#8211; La revalorisation des d\u00e9chets : Explorez comment transformer les r\u00e9sidus en ressources pour le jardin.<br \/> &#8211; Construction d&rsquo;une toilette s\u00e8che : Passez \u00e0 la pratique en construisant une toilette s\u00e8che au Permalab d&rsquo;Ostara.<br \/> &#8211; Entretien des toilettes s\u00e8ches : Ma\u00eetrisez les bonnes pratiques pour assurer un entretien simple et efficace.<br \/> Pr\u00e9voir une tenue adapt\u00e9e aux travaux pratiques pour cette journ\u00e9e.<\/p>\n<p>[\/et_pb_text][et_pb_divider _builder_version=\u00a0\u00bb3.29.2&Prime; _i=\u00a0\u00bb1&Prime; _address=\u00a0\u00bb0.0.0.1&Prime;][\/et_pb_divider][\/et_pb_column][et_pb_column type=\u00a0\u00bb1_2&Prime; _builder_version=\u00a0\u00bb3.29.2&Prime; _i=\u00a0\u00bb1&Prime; _address=\u00a0\u00bb0.0.1&Prime;][et_pb_image src=\u00a0\u00bbhttps:\/\/ostara-france.org\/wp-content\/uploads\/2024\/09\/Wicking-bed-scaled.jpg\u00a0\u00bb _builder_version=\u00a0\u00bb3.29.2&Prime; min_height=\u00a0\u00bb496px\u00a0\u00bb custom_padding=\u00a0\u00bb||61px|||\u00a0\u00bb hover_enabled=\u00a0\u00bb0&Prime; _i=\u00a0\u00bb0&Prime; _address=\u00a0\u00bb0.0.1.0&Prime;][\/et_pb_image][et_pb_text _builder_version=\u00a0\u00bb3.29.2&Prime; _i=\u00a0\u00bb1&Prime; _address=\u00a0\u00bb0.0.1.1&Prime;]<\/p>\n<p>\ud83d\udccdLIEU<br \/> Jardin expe\u0301rimental Ostara<br \/> 37 rue Saint Pierre de Vaise, LYON<\/p>\n<p>\ud83d\udd58HORAIRE<br \/> 9h &#8211; 17h<\/p>\n<p>\ud83c\udf74REPAS<br \/> Au choix :<br \/> &#8211; Repas partage\u0301 (chacun rame\u0300ne sa spe\u0301cialite\u0301)<\/p>\n<p>\ud83d\udcc5DATES<br \/> A la demande<\/p>\n<p>\ud83d\ude80TRANSPORTS<br \/> Gare de Lyon &#8211; Part Dieu Ligne D &#8211; Station Valmy Bus C6,C14, 31<\/p>\n<p>\ud83c\udfe9LOGEMENT<br \/> Vous n&rsquo;habitez pas sur Lyon ? L&rsquo;Alter&rsquo;hostel est la pour vous he\u0301berger ! 20\u20ac\/nuit.-<\/p>\n<p>[\/et_pb_text][et_pb_text _builder_version=\u00a0\u00bb3.29.2&Prime; width=\u00a0\u00bb95.7%\u00a0\u00bb custom_padding=\u00a0\u00bb|||3px|false|false\u00a0\u00bb _i=\u00a0\u00bb2&Prime; _address=\u00a0\u00bb0.0.1.2&Prime;]<\/p>\n<p><strong>Modalit\u00e9s :<\/strong><\/p>\n<p>Prix : 60\u20ac \/ module<\/p>\n<p>Devis sur demande pour groupe entier<\/p>\n<p>\u2709\ufe0f Contact : permalab.ostara@gmail.com<\/p>\n<p>Si vous souhaitez vous inscrire :<\/p>\n<p>Adh\u00e9rer :<br \/> Prix libre<br \/> <a href=\"https:\/\/www.helloasso.com\/associations\/ostara-france\/adhesions\/ostara-2021\">https:\/\/www.helloasso.com\/associations\/ostara-france\/adhesions\/ostara-2021<\/a><\/p>\n<p>S&rsquo;inscrire :<br \/> <a href=\"https:\/\/www.helloasso.com\/associations\/ostara-france\/evenements\/atelier-eco-construction\">https:\/\/www.helloasso.com\/associations\/ostara-france\/evenements\/atelier-eco-construction<\/a><\/p>\n<p>&nbsp;<\/p>\n<p>&nbsp;<\/p>\n<p><a href=\"https:\/\/www.helloasso.com\/associations\/ostara-france\/evenements\/cours-design-de-projets-en-permaculture\"><\/a><\/p>\n<p>[\/et_pb_text][\/et_pb_column][\/et_pb_row][\/et_pb_section][et_pb_section fb_built=\u00a0\u00bb1&Prime; _builder_version=\u00a0\u00bb3.29.2&Prime; fb_built=\u00a0\u00bb1&Prime; _i=\u00a0\u00bb1&Prime; _address=\u00a0\u00bb1&Prime;][et_pb_row _builder_version=\u00a0\u00bb3.29.2&Prime; _i=\u00a0\u00bb0&Prime; _address=\u00a0\u00bb1.0&Prime;][et_pb_column type=\u00a0\u00bb4_4&Prime; _builder_version=\u00a0\u00bb3.29.2&Prime; _i=\u00a0\u00bb0&Prime; _address=\u00a0\u00bb1.0.0&Prime;][et_pb_text _builder_version=\u00a0\u00bb3.29.2&Prime; text_font_size=\u00a0\u00bb49px\u00a0\u00bb _i=\u00a0\u00bb0&Prime; _address=\u00a0\u00bb1.0.0.0&Prime;]<\/p>\n<p style=\"text-align: center;\"><strong>1 &#8211; ADHERER<\/strong><\/p>\n<p>[\/et_pb_text][\/et_pb_column][\/et_pb_row][et_pb_row _builder_version=\u00a0\u00bb3.29.2&Prime; _i=\u00a0\u00bb1&Prime; _address=\u00a0\u00bb1.1&Prime;][et_pb_column type=\u00a0\u00bb4_4&Prime; _builder_version=\u00a0\u00bb3.29.2&Prime; _i=\u00a0\u00bb0&Prime; _address=\u00a0\u00bb1.1.0&Prime;][et_pb_code _builder_version=\u00a0\u00bb3.29.2&Prime; _i=\u00a0\u00bb0&Prime; _address=\u00a0\u00bb1.1.0.0&Prime;]<iframe id=\"haWidget\" allowtransparency=\"true\" scrolling=\"auto\" src=\"https:\/\/www.helloasso.com\/associations\/ostara-france\/adhesions\/ostara-2021\/widget\" style=\"width: 100%; height: 750px; border: none;\" onload=\"window.scroll(0, this.offsetTop)\"><\/iframe>[\/et_pb_code][\/et_pb_column][\/et_pb_row][et_pb_row _builder_version=\u00a0\u00bb3.29.2&Prime; _i=\u00a0\u00bb2&Prime; _address=\u00a0\u00bb1.2&Prime;][et_pb_column type=\u00a0\u00bb4_4&Prime; _builder_version=\u00a0\u00bb3.29.2&Prime; _i=\u00a0\u00bb0&Prime; _address=\u00a0\u00bb1.2.0&Prime;][et_pb_text _builder_version=\u00a0\u00bb3.29.2&Prime; text_font_size=\u00a0\u00bb49px\u00a0\u00bb _i=\u00a0\u00bb0&Prime; _address=\u00a0\u00bb1.2.0.0&Prime;]<\/p>\n<p style=\"text-align: center;\"><strong>2 &#8211; S&rsquo;INSCRIRE<\/strong><\/p>\n<p>[\/et_pb_text][\/et_pb_column][\/et_pb_row][et_pb_row _builder_version=\u00a0\u00bb3.29.2&Prime; _i=\u00a0\u00bb3&Prime; _address=\u00a0\u00bb1.3&Prime;][et_pb_column type=\u00a0\u00bb4_4&Prime; _builder_version=\u00a0\u00bb3.29.2&Prime; _i=\u00a0\u00bb0&Prime; _address=\u00a0\u00bb1.3.0&Prime;][et_pb_code _builder_version=\u00a0\u00bb3.29.2&Prime; _i=\u00a0\u00bb0&Prime; _address=\u00a0\u00bb1.3.0.0&Prime;]<iframe id=\"haWidget\" allowtransparency=\"true\" scrolling=\"auto\" src=\"https:\/\/www.helloasso.com\/associations\/ostara-france\/evenements\/atelier-eco-construction\/widget\" style=\"width: 100%; height: 750px; border: none;\"><\/iframe>[\/et_pb_code][\/et_pb_column][\/et_pb_row][\/et_pb_section]<\/p>\n","protected":false},"excerpt":{"rendered":"<p>[et_pb_section fb_built=\u00a0\u00bb1&Prime; _builder_version=\u00a0\u00bb3.29.2&Prime; background_color=\u00a0\u00bbrgba(0,0,0,0)\u00a0\u00bb fb_built=\u00a0\u00bb1&Prime; _i=\u00a0\u00bb0&Prime; _address=\u00a0\u00bb0&Prime;][et_pb_row column_structure=\u00a0\u00bb1_2,1_2&Prime; _builder_version=\u00a0\u00bb3.29.2&Prime; background_color=\u00a0\u00bb#f7f7f7&Prime; width=\u00a0\u00bb96%\u00a0\u00bb min_height=\u00a0\u00bb729px\u00a0\u00bb custom_margin=\u00a0\u00bb-30px||||false|false\u00a0\u00bb custom_padding=\u00a0\u00bb||0px|||\u00a0\u00bb border_radii=\u00a0\u00bbon|5px|5px|5px|5px\u00a0\u00bb box_shadow_style=\u00a0\u00bbpreset1&Prime; box_shadow_vertical=\u00a0\u00bb0px\u00a0\u00bb box_shadow_blur=\u00a0\u00bb4px\u00a0\u00bb _i=\u00a0\u00bb0&Prime; _address=\u00a0\u00bb0.0&Prime;][et_pb_column type=\u00a0\u00bb1_2&Prime; _builder_version=\u00a0\u00bb3.29.2&Prime; _i=\u00a0\u00bb0&Prime; _address=\u00a0\u00bb0.0.0&Prime;][et_pb_text _builder_version=\u00a0\u00bb3.29.2&Prime; min_height=\u00a0\u00bb470px\u00a0\u00bb custom_padding=\u00a0\u00bb|||59px||\u00a0\u00bb _i=\u00a0\u00bb0&Prime; _address=\u00a0\u00bb0.0.0.0&Prime;] Formation [&hellip;]<\/p>\n","protected":false},"author":1,"featured_media":0,"parent":0,"menu_order":0,"comment_status":"closed","ping_status":"closed","template":"","meta":{"_et_pb_use_builder":"on","_et_pb_old_content":"","footnotes":""},"class_list":["post-2582","page","type-page","status-publish","hentry"],"_links":{"self":[{"href":"https:\/\/ostara-france.org\/index.php\/wp-json\/wp\/v2\/pages\/2582","targetHints":{"allow":["GET"]}}],"collection":[{"href":"https:\/\/ostara-france.org\/index.php\/wp-json\/wp\/v2\/pages"}],"about":[{"href":"https:\/\/ostara-france.org\/index.php\/wp-json\/wp\/v2\/types\/page"}],"author":[{"embeddable":true,"href":"https:\/\/ostara-france.org\/index.php\/wp-json\/wp\/v2\/users\/1"}],"replies":[{"embeddable":true,"href":"https:\/\/ostara-france.org\/index.php\/wp-json\/wp\/v2\/comments?post=2582"}],"version-history":[{"count":14,"href":"https:\/\/ostara-france.org\/index.php\/wp-json\/wp\/v2\/pages\/2582\/revisions"}],"predecessor-version":[{"id":4152,"href":"https:\/\/ostara-france.org\/index.php\/wp-json\/wp\/v2\/pages\/2582\/revisions\/4152"}],"wp:attachment":[{"href":"https:\/\/ostara-france.org\/index.php\/wp-json\/wp\/v2\/media?parent=2582"}],"curies":[{"name":"wp","href":"https:\/\/api.w.org\/{rel}","templated":true}]}}