{"id":2383,"date":"2020-12-19T15:16:18","date_gmt":"2020-12-19T15:16:18","guid":{"rendered":"https:\/\/ostara-france.org\/?page_id=2383"},"modified":"2021-01-13T12:24:04","modified_gmt":"2021-01-13T12:24:04","slug":"formation-vie-du-sol","status":"publish","type":"page","link":"https:\/\/ostara-france.org\/index.php\/formation-vie-du-sol\/","title":{"rendered":"Formation vie du sol"},"content":{"rendered":"<p>[et_pb_section fb_built=\u00a0\u00bb1&Prime; fullwidth=\u00a0\u00bbon\u00a0\u00bb _builder_version=\u00a0\u00bb3.29.2&Prime; box_shadow_style=\u00a0\u00bbpreset1&Prime; box_shadow_spread=\u00a0\u00bb-6px\u00a0\u00bb fb_built=\u00a0\u00bb1&Prime; _i=\u00a0\u00bb0&Prime; _address=\u00a0\u00bb0&Prime;][et_pb_fullwidth_header title=\u00a0\u00bbFormation : Vie du sol et compostage\u00a0\u00bb _builder_version=\u00a0\u00bb3.29.2&Prime; title_font=\u00a0\u00bbComfortaa|700|||||||\u00a0\u00bb title_text_align=\u00a0\u00bbcenter\u00a0\u00bb title_font_size=\u00a0\u00bb29px\u00a0\u00bb title_letter_spacing=\u00a0\u00bb2px\u00a0\u00bb background_color=\u00a0\u00bbrgba(0,0,0,0)\u00a0\u00bb background_image=\u00a0\u00bbhttps:\/\/ostara-france.org\/wp-content\/uploads\/2020\/12\/mushrooms-4586883_640.jpg\u00a0\u00bb title_text_shadow_style=\u00a0\u00bbpreset1&Prime; locked=\u00a0\u00bboff\u00a0\u00bb _i=\u00a0\u00bb0&Prime; _address=\u00a0\u00bb0.0&Prime;][\/et_pb_fullwidth_header][\/et_pb_section][et_pb_section fb_built=\u00a0\u00bb1&Prime; _builder_version=\u00a0\u00bb3.29.2&Prime; background_color=\u00a0\u00bbrgba(0,0,0,0)\u00a0\u00bb fb_built=\u00a0\u00bb1&Prime; _i=\u00a0\u00bb1&Prime; _address=\u00a0\u00bb1&Prime;][et_pb_row column_structure=\u00a0\u00bb1_2,1_2&Prime; _builder_version=\u00a0\u00bb3.29.2&Prime; background_color=\u00a0\u00bb#f7f7f7&Prime; width=\u00a0\u00bb96%\u00a0\u00bb min_height=\u00a0\u00bb729px\u00a0\u00bb custom_margin=\u00a0\u00bb-30px||||false|false\u00a0\u00bb custom_padding=\u00a0\u00bb||0px|||\u00a0\u00bb border_radii=\u00a0\u00bbon|5px|5px|5px|5px\u00a0\u00bb box_shadow_style=\u00a0\u00bbpreset1&Prime; box_shadow_vertical=\u00a0\u00bb0px\u00a0\u00bb box_shadow_blur=\u00a0\u00bb4px\u00a0\u00bb _i=\u00a0\u00bb0&Prime; _address=\u00a0\u00bb1.0&Prime;][et_pb_column type=\u00a0\u00bb1_2&Prime; _builder_version=\u00a0\u00bb3.29.2&Prime; _i=\u00a0\u00bb0&Prime; _address=\u00a0\u00bb1.0.0&Prime;][et_pb_text _builder_version=\u00a0\u00bb3.29.2&Prime; min_height=\u00a0\u00bb470px\u00a0\u00bb custom_padding=\u00a0\u00bb|||59px||\u00a0\u00bb hover_enabled=\u00a0\u00bb0&Prime; _i=\u00a0\u00bb0&Prime; _address=\u00a0\u00bb1.0.0.0&Prime;]<\/p>\n<p><span style=\"text-decoration: underline;\"><strong>Formation Vie du sol et compostage<\/strong><\/span><span data-sheets-value=\"{&quot;1&quot;:2,&quot;2&quot;:&quot;Au cours de cet atelier-formation, vous d\u00e9couvrirez les bases et grands principes du compostage: enjeux li\u00e9s au compostage, d\u00e9monstration des diff\u00e9rentes techniques, observation de la faune du sol, cycle de la mati\u00e8re organique ... \\nVous mettrez en pratique les th\u00e9matiques abord\u00e9es directement au sein du jardin d'Ostara (retournement et alimentation du bac \u00e0 compost, fertilisation des buttes, fabrication d'un terreau enrichi en compost. \\nA l'issue de l'atelier, vous fabriquerez votre mini-jardini\u00e8re biod\u00e9gradable !&quot;}\" data-sheets-userformat=\"{&quot;2&quot;:1019,&quot;3&quot;:{&quot;1&quot;:0},&quot;4&quot;:[null,2,14281427],&quot;6&quot;:{&quot;1&quot;:[{&quot;1&quot;:2,&quot;2&quot;:0,&quot;5&quot;:[null,2,0]},{&quot;1&quot;:0,&quot;2&quot;:0,&quot;3&quot;:3},{&quot;1&quot;:1,&quot;2&quot;:0,&quot;4&quot;:1}]},&quot;7&quot;:{&quot;1&quot;:[{&quot;1&quot;:2,&quot;2&quot;:0,&quot;5&quot;:[null,2,0]},{&quot;1&quot;:0,&quot;2&quot;:0,&quot;3&quot;:3},{&quot;1&quot;:1,&quot;2&quot;:0,&quot;4&quot;:1}]},&quot;8&quot;:{&quot;1&quot;:[{&quot;1&quot;:2,&quot;2&quot;:0,&quot;5&quot;:[null,2,0]},{&quot;1&quot;:0,&quot;2&quot;:0,&quot;3&quot;:3},{&quot;1&quot;:1,&quot;2&quot;:0,&quot;4&quot;:1}]},&quot;9&quot;:0,&quot;10&quot;:1,&quot;11&quot;:4,&quot;12&quot;:0}\"><\/span><\/p>\n<p><span data-sheets-value=\"{&quot;1&quot;:2,&quot;2&quot;:&quot;Au cours de cet atelier-formation, vous d\u00e9couvrirez les bases et grands principes du compostage: enjeux li\u00e9s au compostage, d\u00e9monstration des diff\u00e9rentes techniques, observation de la faune du sol, cycle de la mati\u00e8re organique ... \\nVous mettrez en pratique les th\u00e9matiques abord\u00e9es directement au sein du jardin d'Ostara (retournement et alimentation du bac \u00e0 compost, fertilisation des buttes, fabrication d'un terreau enrichi en compost. \\nA l'issue de l'atelier, vous fabriquerez votre mini-jardini\u00e8re biod\u00e9gradable !&quot;}\" data-sheets-userformat=\"{&quot;2&quot;:1019,&quot;3&quot;:{&quot;1&quot;:0},&quot;4&quot;:[null,2,14281427],&quot;6&quot;:{&quot;1&quot;:[{&quot;1&quot;:2,&quot;2&quot;:0,&quot;5&quot;:[null,2,0]},{&quot;1&quot;:0,&quot;2&quot;:0,&quot;3&quot;:3},{&quot;1&quot;:1,&quot;2&quot;:0,&quot;4&quot;:1}]},&quot;7&quot;:{&quot;1&quot;:[{&quot;1&quot;:2,&quot;2&quot;:0,&quot;5&quot;:[null,2,0]},{&quot;1&quot;:0,&quot;2&quot;:0,&quot;3&quot;:3},{&quot;1&quot;:1,&quot;2&quot;:0,&quot;4&quot;:1}]},&quot;8&quot;:{&quot;1&quot;:[{&quot;1&quot;:2,&quot;2&quot;:0,&quot;5&quot;:[null,2,0]},{&quot;1&quot;:0,&quot;2&quot;:0,&quot;3&quot;:3},{&quot;1&quot;:1,&quot;2&quot;:0,&quot;4&quot;:1}]},&quot;9&quot;:0,&quot;10&quot;:1,&quot;11&quot;:4,&quot;12&quot;:0}\">Au cours de cet atelier-formation, vous d\u00e9couvrirez les bases et grands principes du compostage: enjeux li\u00e9s au compostage, d\u00e9monstration des diff\u00e9rentes techniques, observation de la faune du sol, cycle de la mati\u00e8re organique &#8230; <\/span><\/p>\n<p><span data-sheets-value=\"{&quot;1&quot;:2,&quot;2&quot;:&quot;Au cours de cet atelier-formation, vous d\u00e9couvrirez les bases et grands principes du compostage: enjeux li\u00e9s au compostage, d\u00e9monstration des diff\u00e9rentes techniques, observation de la faune du sol, cycle de la mati\u00e8re organique ... \\nVous mettrez en pratique les th\u00e9matiques abord\u00e9es directement au sein du jardin d'Ostara (retournement et alimentation du bac \u00e0 compost, fertilisation des buttes, fabrication d'un terreau enrichi en compost. \\nA l'issue de l'atelier, vous fabriquerez votre mini-jardini\u00e8re biod\u00e9gradable !&quot;}\" data-sheets-userformat=\"{&quot;2&quot;:1019,&quot;3&quot;:{&quot;1&quot;:0},&quot;4&quot;:[null,2,14281427],&quot;6&quot;:{&quot;1&quot;:[{&quot;1&quot;:2,&quot;2&quot;:0,&quot;5&quot;:[null,2,0]},{&quot;1&quot;:0,&quot;2&quot;:0,&quot;3&quot;:3},{&quot;1&quot;:1,&quot;2&quot;:0,&quot;4&quot;:1}]},&quot;7&quot;:{&quot;1&quot;:[{&quot;1&quot;:2,&quot;2&quot;:0,&quot;5&quot;:[null,2,0]},{&quot;1&quot;:0,&quot;2&quot;:0,&quot;3&quot;:3},{&quot;1&quot;:1,&quot;2&quot;:0,&quot;4&quot;:1}]},&quot;8&quot;:{&quot;1&quot;:[{&quot;1&quot;:2,&quot;2&quot;:0,&quot;5&quot;:[null,2,0]},{&quot;1&quot;:0,&quot;2&quot;:0,&quot;3&quot;:3},{&quot;1&quot;:1,&quot;2&quot;:0,&quot;4&quot;:1}]},&quot;9&quot;:0,&quot;10&quot;:1,&quot;11&quot;:4,&quot;12&quot;:0}\"><br \/> Vous mettrez en pratique les th\u00e9matiques abord\u00e9es directement au sein du jardin d&rsquo;Ostara (retournement et alimentation du bac \u00e0 compost, fertilisation des buttes, fabrication d&rsquo;un terreau enrichi en compost. <\/span><\/p>\n<p><span data-sheets-value=\"{&quot;1&quot;:2,&quot;2&quot;:&quot;Au cours de cet atelier-formation, vous d\u00e9couvrirez les bases et grands principes du compostage: enjeux li\u00e9s au compostage, d\u00e9monstration des diff\u00e9rentes techniques, observation de la faune du sol, cycle de la mati\u00e8re organique ... \\nVous mettrez en pratique les th\u00e9matiques abord\u00e9es directement au sein du jardin d'Ostara (retournement et alimentation du bac \u00e0 compost, fertilisation des buttes, fabrication d'un terreau enrichi en compost. \\nA l'issue de l'atelier, vous fabriquerez votre mini-jardini\u00e8re biod\u00e9gradable !&quot;}\" data-sheets-userformat=\"{&quot;2&quot;:1019,&quot;3&quot;:{&quot;1&quot;:0},&quot;4&quot;:[null,2,14281427],&quot;6&quot;:{&quot;1&quot;:[{&quot;1&quot;:2,&quot;2&quot;:0,&quot;5&quot;:[null,2,0]},{&quot;1&quot;:0,&quot;2&quot;:0,&quot;3&quot;:3},{&quot;1&quot;:1,&quot;2&quot;:0,&quot;4&quot;:1}]},&quot;7&quot;:{&quot;1&quot;:[{&quot;1&quot;:2,&quot;2&quot;:0,&quot;5&quot;:[null,2,0]},{&quot;1&quot;:0,&quot;2&quot;:0,&quot;3&quot;:3},{&quot;1&quot;:1,&quot;2&quot;:0,&quot;4&quot;:1}]},&quot;8&quot;:{&quot;1&quot;:[{&quot;1&quot;:2,&quot;2&quot;:0,&quot;5&quot;:[null,2,0]},{&quot;1&quot;:0,&quot;2&quot;:0,&quot;3&quot;:3},{&quot;1&quot;:1,&quot;2&quot;:0,&quot;4&quot;:1}]},&quot;9&quot;:0,&quot;10&quot;:1,&quot;11&quot;:4,&quot;12&quot;:0}\">A l&rsquo;issue de l&rsquo;atelier, vous fabriquerez votre mini-jardini\u00e8re biod\u00e9gradable !<\/span><\/p>\n<p><span data-sheets-value=\"{&quot;1&quot;:2,&quot;2&quot;:&quot;Au cours de cet atelier, vous d\u00e9couvrirez les principes et les gestes du lombricompostage... et vous pourrez mettre vos connaissances directement en pratique en fabriquant votre lombricomposteur \u00e0 \u00e9tage \u00e0 partir de seaux r\u00e9utilis\u00e9s !&quot;}\" data-sheets-userformat=\"{&quot;2&quot;:1015,&quot;3&quot;:{&quot;1&quot;:0},&quot;4&quot;:[null,2,14281427],&quot;5&quot;:{&quot;1&quot;:[{&quot;1&quot;:2,&quot;2&quot;:0,&quot;5&quot;:[null,2,0]},{&quot;1&quot;:0,&quot;2&quot;:0,&quot;3&quot;:3},{&quot;1&quot;:1,&quot;2&quot;:0,&quot;4&quot;:1}]},&quot;7&quot;:{&quot;1&quot;:[{&quot;1&quot;:2,&quot;2&quot;:0,&quot;5&quot;:[null,2,0]},{&quot;1&quot;:0,&quot;2&quot;:0,&quot;3&quot;:3},{&quot;1&quot;:1,&quot;2&quot;:0,&quot;4&quot;:1}]},&quot;8&quot;:{&quot;1&quot;:[{&quot;1&quot;:2,&quot;2&quot;:0,&quot;5&quot;:[null,2,0]},{&quot;1&quot;:0,&quot;2&quot;:0,&quot;3&quot;:3},{&quot;1&quot;:1,&quot;2&quot;:0,&quot;4&quot;:1}]},&quot;9&quot;:0,&quot;10&quot;:1,&quot;11&quot;:4,&quot;12&quot;:0}\">Cet atelier sera dispens\u00e9 par notre formateur Charles Lambert, I<span class=\"JsGRdQ\">ng\u00e9nieur agronome de formation et<\/span> fondateur de l&rsquo;entreprise Verticulteurs.<\/span><\/p>\n<p><span data-sheets-value=\"{&quot;1&quot;:2,&quot;2&quot;:&quot;Au cours de cet atelier, vous d\u00e9couvrirez les principes et les gestes du lombricompostage... et vous pourrez mettre vos connaissances directement en pratique en fabriquant votre lombricomposteur \u00e0 \u00e9tage \u00e0 partir de seaux r\u00e9utilis\u00e9s !&quot;}\" data-sheets-userformat=\"{&quot;2&quot;:1015,&quot;3&quot;:{&quot;1&quot;:0},&quot;4&quot;:[null,2,14281427],&quot;5&quot;:{&quot;1&quot;:[{&quot;1&quot;:2,&quot;2&quot;:0,&quot;5&quot;:[null,2,0]},{&quot;1&quot;:0,&quot;2&quot;:0,&quot;3&quot;:3},{&quot;1&quot;:1,&quot;2&quot;:0,&quot;4&quot;:1}]},&quot;7&quot;:{&quot;1&quot;:[{&quot;1&quot;:2,&quot;2&quot;:0,&quot;5&quot;:[null,2,0]},{&quot;1&quot;:0,&quot;2&quot;:0,&quot;3&quot;:3},{&quot;1&quot;:1,&quot;2&quot;:0,&quot;4&quot;:1}]},&quot;8&quot;:{&quot;1&quot;:[{&quot;1&quot;:2,&quot;2&quot;:0,&quot;5&quot;:[null,2,0]},{&quot;1&quot;:0,&quot;2&quot;:0,&quot;3&quot;:3},{&quot;1&quot;:1,&quot;2&quot;:0,&quot;4&quot;:1}]},&quot;9&quot;:0,&quot;10&quot;:1,&quot;11&quot;:4,&quot;12&quot;:0}\">Lien vers le site internet de l&rsquo;entreprise Verticulteurs :\u00a0<a href=\"https:\/\/www.verticulteurs.com\/\">https:\/\/www.verticulteurs.com\/<\/a><\/span><\/p>\n<p><span style=\"text-decoration: underline;\">Contact du formateur<\/span><\/p>\n<p><span data-sheets-value=\"{&quot;1&quot;:2,&quot;2&quot;:&quot;Au cours de cet atelier, vous d\u00e9couvrirez les principes et les gestes du lombricompostage... et vous pourrez mettre vos connaissances directement en pratique en fabriquant votre lombricomposteur \u00e0 \u00e9tage \u00e0 partir de seaux r\u00e9utilis\u00e9s !&quot;}\" data-sheets-userformat=\"{&quot;2&quot;:1015,&quot;3&quot;:{&quot;1&quot;:0},&quot;4&quot;:[null,2,14281427],&quot;5&quot;:{&quot;1&quot;:[{&quot;1&quot;:2,&quot;2&quot;:0,&quot;5&quot;:[null,2,0]},{&quot;1&quot;:0,&quot;2&quot;:0,&quot;3&quot;:3},{&quot;1&quot;:1,&quot;2&quot;:0,&quot;4&quot;:1}]},&quot;7&quot;:{&quot;1&quot;:[{&quot;1&quot;:2,&quot;2&quot;:0,&quot;5&quot;:[null,2,0]},{&quot;1&quot;:0,&quot;2&quot;:0,&quot;3&quot;:3},{&quot;1&quot;:1,&quot;2&quot;:0,&quot;4&quot;:1}]},&quot;8&quot;:{&quot;1&quot;:[{&quot;1&quot;:2,&quot;2&quot;:0,&quot;5&quot;:[null,2,0]},{&quot;1&quot;:0,&quot;2&quot;:0,&quot;3&quot;:3},{&quot;1&quot;:1,&quot;2&quot;:0,&quot;4&quot;:1}]},&quot;9&quot;:0,&quot;10&quot;:1,&quot;11&quot;:4,&quot;12&quot;:0}\">T\u00e9l\u00e9phone :\u00a0<\/span>06 88 72 22 54<\/p>\n<p><span data-sheets-value=\"{&quot;1&quot;:2,&quot;2&quot;:&quot;Au cours de cet atelier, vous d\u00e9couvrirez les principes et les gestes du lombricompostage... et vous pourrez mettre vos connaissances directement en pratique en fabriquant votre lombricomposteur \u00e0 \u00e9tage \u00e0 partir de seaux r\u00e9utilis\u00e9s !&quot;}\" data-sheets-userformat=\"{&quot;2&quot;:1015,&quot;3&quot;:{&quot;1&quot;:0},&quot;4&quot;:[null,2,14281427],&quot;5&quot;:{&quot;1&quot;:[{&quot;1&quot;:2,&quot;2&quot;:0,&quot;5&quot;:[null,2,0]},{&quot;1&quot;:0,&quot;2&quot;:0,&quot;3&quot;:3},{&quot;1&quot;:1,&quot;2&quot;:0,&quot;4&quot;:1}]},&quot;7&quot;:{&quot;1&quot;:[{&quot;1&quot;:2,&quot;2&quot;:0,&quot;5&quot;:[null,2,0]},{&quot;1&quot;:0,&quot;2&quot;:0,&quot;3&quot;:3},{&quot;1&quot;:1,&quot;2&quot;:0,&quot;4&quot;:1}]},&quot;8&quot;:{&quot;1&quot;:[{&quot;1&quot;:2,&quot;2&quot;:0,&quot;5&quot;:[null,2,0]},{&quot;1&quot;:0,&quot;2&quot;:0,&quot;3&quot;:3},{&quot;1&quot;:1,&quot;2&quot;:0,&quot;4&quot;:1}]},&quot;9&quot;:0,&quot;10&quot;:1,&quot;11&quot;:4,&quot;12&quot;:0}\">Adresse e=mail :\u00a0<\/span><a href=\"mailto:verticulteurs@gmail.com\">verticulteurs@gmail.com<\/a><\/p>\n<p>[\/et_pb_text][et_pb_divider _builder_version=\u00a0\u00bb3.29.2&Prime; _i=\u00a0\u00bb1&Prime; _address=\u00a0\u00bb1.0.0.1&Prime;][\/et_pb_divider][et_pb_text _builder_version=\u00a0\u00bb3.29.2&Prime; width=\u00a0\u00bb95.7%\u00a0\u00bb custom_padding=\u00a0\u00bb|||55px|false|false\u00a0\u00bb _i=\u00a0\u00bb2&Prime; _address=\u00a0\u00bb1.0.0.2&Prime;]<\/p>\n<p>Modalit\u00e9s :<\/p>\n<p>Prix : 30\u20ac<\/p>\n<p>En cas de difficult\u00e9s financi\u00e8res veuillez nous contacter, nous ne voulons pas que ce soit un frein \u00e0 l\u2019apprentissage.<\/p>\n<p>\u2709\ufe0f Contact de la formatrice :\u00a0<span data-sheets-value=\"{&quot;1&quot;:2,&quot;2&quot;:&quot;verticulteurs@gmail.com&quot;}\" data-sheets-userformat=\"{&quot;2&quot;:7103,&quot;3&quot;:{&quot;1&quot;:0},&quot;4&quot;:[null,2,14281427],&quot;5&quot;:{&quot;1&quot;:[{&quot;1&quot;:2,&quot;2&quot;:0,&quot;5&quot;:[null,2,0]},{&quot;1&quot;:0,&quot;2&quot;:0,&quot;3&quot;:3},{&quot;1&quot;:1,&quot;2&quot;:0,&quot;4&quot;:1}]},&quot;6&quot;:{&quot;1&quot;:[{&quot;1&quot;:2,&quot;2&quot;:0,&quot;5&quot;:[null,2,0]},{&quot;1&quot;:0,&quot;2&quot;:0,&quot;3&quot;:3},{&quot;1&quot;:1,&quot;2&quot;:0,&quot;4&quot;:1}]},&quot;7&quot;:{&quot;1&quot;:[{&quot;1&quot;:2,&quot;2&quot;:0,&quot;5&quot;:[null,2,0]},{&quot;1&quot;:0,&quot;2&quot;:0,&quot;3&quot;:3},{&quot;1&quot;:1,&quot;2&quot;:0,&quot;4&quot;:1}]},&quot;8&quot;:{&quot;1&quot;:[{&quot;1&quot;:2,&quot;2&quot;:0,&quot;5&quot;:[null,2,0]},{&quot;1&quot;:0,&quot;2&quot;:0,&quot;3&quot;:3},{&quot;1&quot;:1,&quot;2&quot;:0,&quot;4&quot;:1}]},&quot;10&quot;:1,&quot;11&quot;:4,&quot;12&quot;:0,&quot;14&quot;:[null,2,0],&quot;15&quot;:&quot;Roboto, RobotoDraft, Helvetica, Arial, sans-serif&quot;}\">verticulteurs@gmail.com<\/span><\/p>\n<p>Si vous souhaitez vous inscrire :<\/p>\n<p>Adh\u00e9rer :<br \/> Prix libre<br \/> <a href=\"https:\/\/www.helloasso.com\/associations\/ostara-france\/adhesions\/adhesion-ostara-1\">https:\/\/www.helloasso.com\/associations\/ostara-france\/adhesions\/adhesion-ostara-1<\/a><\/p>\n<p>Inscription :<\/p>\n<p><a href=\"https:\/\/www.helloasso.com\/associations\/ostara-france\/evenements\/atelier-formation-vie-du-sol-et-compostage\">https:\/\/www.helloasso.com\/associations\/ostara-france\/evenements\/atelier-formation-vie-du-sol-et-compostage<\/a><\/p>\n<p>[\/et_pb_text][\/et_pb_column][et_pb_column type=\u00a0\u00bb1_2&Prime; _builder_version=\u00a0\u00bb3.29.2&Prime; _i=\u00a0\u00bb1&Prime; _address=\u00a0\u00bb1.0.1&Prime;][et_pb_image src=\u00a0\u00bbhttps:\/\/ostara-france.org\/wp-content\/uploads\/2020\/12\/mushrooms-4586883_640.jpg\u00a0\u00bb _builder_version=\u00a0\u00bb3.29.2&Prime; min_height=\u00a0\u00bb496px\u00a0\u00bb custom_padding=\u00a0\u00bb||61px|||\u00a0\u00bb _i=\u00a0\u00bb0&Prime; _address=\u00a0\u00bb1.0.1.0&Prime;][\/et_pb_image][et_pb_text _builder_version=\u00a0\u00bb3.29.2&Prime; _i=\u00a0\u00bb1&Prime; _address=\u00a0\u00bb1.0.1.1&Prime;]\ud83d\udccdLIEU<br \/>\nJardin expe\u0301rimental Ostara<br \/>\n37 rue Saint Pierre de Vaise, LYON<\/p>\n<p>\ud83d\udd58HORAIRE<br \/>\n<span data-sheets-value=\"{&quot;1&quot;:2,&quot;2&quot;:&quot;9h30 - 12h&quot;}\" data-sheets-userformat=\"{&quot;2&quot;:1019,&quot;3&quot;:{&quot;1&quot;:0},&quot;4&quot;:[null,2,14281427],&quot;6&quot;:{&quot;1&quot;:[{&quot;1&quot;:2,&quot;2&quot;:0,&quot;5&quot;:[null,2,0]},{&quot;1&quot;:0,&quot;2&quot;:0,&quot;3&quot;:3},{&quot;1&quot;:1,&quot;2&quot;:0,&quot;4&quot;:1}]},&quot;7&quot;:{&quot;1&quot;:[{&quot;1&quot;:2,&quot;2&quot;:0,&quot;5&quot;:[null,2,0]},{&quot;1&quot;:0,&quot;2&quot;:0,&quot;3&quot;:3},{&quot;1&quot;:1,&quot;2&quot;:0,&quot;4&quot;:1}]},&quot;8&quot;:{&quot;1&quot;:[{&quot;1&quot;:2,&quot;2&quot;:0,&quot;5&quot;:[null,2,0]},{&quot;1&quot;:0,&quot;2&quot;:0,&quot;3&quot;:3},{&quot;1&quot;:1,&quot;2&quot;:0,&quot;4&quot;:1}]},&quot;9&quot;:0,&quot;10&quot;:1,&quot;11&quot;:4,&quot;12&quot;:0}\">9h30 &#8211; 12h<\/span><\/p>\n<p><span data-sheets-value=\"{&quot;1&quot;:2,&quot;2&quot;:&quot;9h30 - 12h&quot;}\" data-sheets-userformat=\"{&quot;2&quot;:1019,&quot;3&quot;:{&quot;1&quot;:0},&quot;4&quot;:[null,2,14281427],&quot;6&quot;:{&quot;1&quot;:[{&quot;1&quot;:2,&quot;2&quot;:0,&quot;5&quot;:[null,2,0]},{&quot;1&quot;:0,&quot;2&quot;:0,&quot;3&quot;:3},{&quot;1&quot;:1,&quot;2&quot;:0,&quot;4&quot;:1}]},&quot;7&quot;:{&quot;1&quot;:[{&quot;1&quot;:2,&quot;2&quot;:0,&quot;5&quot;:[null,2,0]},{&quot;1&quot;:0,&quot;2&quot;:0,&quot;3&quot;:3},{&quot;1&quot;:1,&quot;2&quot;:0,&quot;4&quot;:1}]},&quot;8&quot;:{&quot;1&quot;:[{&quot;1&quot;:2,&quot;2&quot;:0,&quot;5&quot;:[null,2,0]},{&quot;1&quot;:0,&quot;2&quot;:0,&quot;3&quot;:3},{&quot;1&quot;:1,&quot;2&quot;:0,&quot;4&quot;:1}]},&quot;9&quot;:0,&quot;10&quot;:1,&quot;11&quot;:4,&quot;12&quot;:0}\"><span style=\"font-weight: 400;\">\ud83d\udcc5DATES<br \/>\nsamedi 13 f\u00e9vrier 2021<\/span><\/span><\/p>\n<p>\ud83d\ude80TRANSPORTS<br \/>\nGare de Lyon &#8211; Part Dieu Ligne D &#8211; Station Valmy Bus C6,C14, 31<\/p>\n<p>\ud83c\udfe9LOGEMENT<br \/>\nVous n&rsquo;habitez pas sur Lyon ? L&rsquo;Alter&rsquo;hostel est la pour vous he\u0301berger ! 20\u20ac\/nuit.-[\/et_pb_text][\/et_pb_column][\/et_pb_row][\/et_pb_section][et_pb_section fb_built=\u00a0\u00bb1&Prime; _builder_version=\u00a0\u00bb3.29.2&Prime; fb_built=\u00a0\u00bb1&Prime; _i=\u00a0\u00bb2&Prime; _address=\u00a0\u00bb2&Prime;][et_pb_row _builder_version=\u00a0\u00bb3.29.2&Prime; _i=\u00a0\u00bb0&Prime; _address=\u00a0\u00bb2.0&Prime;][et_pb_column type=\u00a0\u00bb4_4&Prime; _builder_version=\u00a0\u00bb3.29.2&Prime; _i=\u00a0\u00bb0&Prime; _address=\u00a0\u00bb2.0.0&Prime;][et_pb_text _builder_version=\u00a0\u00bb3.29.2&Prime; text_font_size=\u00a0\u00bb49px\u00a0\u00bb _i=\u00a0\u00bb0&Prime; _address=\u00a0\u00bb2.0.0.0&Prime;]<\/p>\n<p style=\"text-align: center;\"><strong>1 &#8211; ADHERER<\/strong><\/p>\n<p>[\/et_pb_text][\/et_pb_column][\/et_pb_row][et_pb_row _builder_version=\u00a0\u00bb3.29.2&Prime; _i=\u00a0\u00bb1&Prime; _address=\u00a0\u00bb2.1&Prime;][et_pb_column type=\u00a0\u00bb4_4&Prime; _builder_version=\u00a0\u00bb3.29.2&Prime; _i=\u00a0\u00bb0&Prime; _address=\u00a0\u00bb2.1.0&Prime;][et_pb_code _builder_version=\u00a0\u00bb3.29.2&Prime; _i=\u00a0\u00bb0&Prime; _address=\u00a0\u00bb2.1.0.0&Prime;]<iframe id=\"haWidget\" allowtransparency=\"true\" scrolling=\"auto\" src=\"https:\/\/www.helloasso.com\/associations\/ostara-france\/adhesions\/adhesion-ostara-1\/widget\" style=\"width:100%;height:750px;border:none;\" onload=\"window.scroll(0, this.offsetTop)\"><\/iframe><\/p>\n<div style=\"width:100%;text-align:center;\">Propuls\u00e9 par <a href=\"https:\/\/www.helloasso.com\" rel=\"nofollow\">HelloAsso<\/a><\/div>\n<p>[\/et_pb_code][\/et_pb_column][\/et_pb_row][et_pb_row _builder_version=\u00a0\u00bb3.29.2&Prime; _i=\u00a0\u00bb2&Prime; _address=\u00a0\u00bb2.2&Prime;][et_pb_column type=\u00a0\u00bb4_4&Prime; _builder_version=\u00a0\u00bb3.29.2&Prime; _i=\u00a0\u00bb0&Prime; _address=\u00a0\u00bb2.2.0&Prime;][et_pb_text _builder_version=\u00a0\u00bb3.29.2&Prime; text_font_size=\u00a0\u00bb49px\u00a0\u00bb _i=\u00a0\u00bb0&Prime; _address=\u00a0\u00bb2.2.0.0&Prime;]<\/p>\n<p style=\"text-align: center;\"><strong>2 &#8211; S&rsquo;INSCRIRE<\/strong><\/p>\n<p>[\/et_pb_text][\/et_pb_column][\/et_pb_row][et_pb_row _builder_version=\u00a0\u00bb3.29.2&Prime; _i=\u00a0\u00bb3&Prime; _address=\u00a0\u00bb2.3&Prime;][et_pb_column type=\u00a0\u00bb4_4&Prime; _builder_version=\u00a0\u00bb3.29.2&Prime; _i=\u00a0\u00bb0&Prime; _address=\u00a0\u00bb2.3.0&Prime;][et_pb_code _builder_version=\u00a0\u00bb3.29.2&Prime; _i=\u00a0\u00bb0&Prime; _address=\u00a0\u00bb2.3.0.0&Prime;]<iframe id=\"haWidget\" allowtransparency=\"true\" scrolling=\"auto\" src=\"https:\/\/www.helloasso.com\/associations\/ostara-france\/evenements\/atelier-formation-vie-du-sol-et-compostage\/widget\" style=\"width: 100%; height: 750px; border: none;\" onload=\"window.scroll(0, this.offsetTop)\"><\/iframe>[\/et_pb_code][\/et_pb_column][\/et_pb_row][\/et_pb_section]<\/p>\n","protected":false},"excerpt":{"rendered":"<p>[et_pb_section fb_built=\u00a0\u00bb1&Prime; fullwidth=\u00a0\u00bbon\u00a0\u00bb _builder_version=\u00a0\u00bb3.29.2&Prime; box_shadow_style=\u00a0\u00bbpreset1&Prime; box_shadow_spread=\u00a0\u00bb-6px\u00a0\u00bb fb_built=\u00a0\u00bb1&Prime; _i=\u00a0\u00bb0&Prime; _address=\u00a0\u00bb0&Prime;][et_pb_fullwidth_header title=\u00a0\u00bbFormation : Vie du sol et compostage\u00a0\u00bb _builder_version=\u00a0\u00bb3.29.2&Prime; title_font=\u00a0\u00bbComfortaa|700|||||||\u00a0\u00bb title_text_align=\u00a0\u00bbcenter\u00a0\u00bb title_font_size=\u00a0\u00bb29px\u00a0\u00bb title_letter_spacing=\u00a0\u00bb2px\u00a0\u00bb background_color=\u00a0\u00bbrgba(0,0,0,0)\u00a0\u00bb background_image=\u00a0\u00bbhttps:\/\/ostara-france.org\/wp-content\/uploads\/2020\/12\/mushrooms-4586883_640.jpg\u00a0\u00bb title_text_shadow_style=\u00a0\u00bbpreset1&Prime; locked=\u00a0\u00bboff\u00a0\u00bb _i=\u00a0\u00bb0&Prime; _address=\u00a0\u00bb0.0&Prime;][\/et_pb_fullwidth_header][\/et_pb_section][et_pb_section fb_built=\u00a0\u00bb1&Prime; _builder_version=\u00a0\u00bb3.29.2&Prime; background_color=\u00a0\u00bbrgba(0,0,0,0)\u00a0\u00bb [&hellip;]<\/p>\n","protected":false},"author":1,"featured_media":0,"parent":0,"menu_order":0,"comment_status":"closed","ping_status":"closed","template":"","meta":{"_et_pb_use_builder":"on","_et_pb_old_content":"","footnotes":""},"class_list":["post-2383","page","type-page","status-publish","hentry"],"_links":{"self":[{"href":"https:\/\/ostara-france.org\/index.php\/wp-json\/wp\/v2\/pages\/2383","targetHints":{"allow":["GET"]}}],"collection":[{"href":"https:\/\/ostara-france.org\/index.php\/wp-json\/wp\/v2\/pages"}],"about":[{"href":"https:\/\/ostara-france.org\/index.php\/wp-json\/wp\/v2\/types\/page"}],"author":[{"embeddable":true,"href":"https:\/\/ostara-france.org\/index.php\/wp-json\/wp\/v2\/users\/1"}],"replies":[{"embeddable":true,"href":"https:\/\/ostara-france.org\/index.php\/wp-json\/wp\/v2\/comments?post=2383"}],"version-history":[{"count":11,"href":"https:\/\/ostara-france.org\/index.php\/wp-json\/wp\/v2\/pages\/2383\/revisions"}],"predecessor-version":[{"id":2858,"href":"https:\/\/ostara-france.org\/index.php\/wp-json\/wp\/v2\/pages\/2383\/revisions\/2858"}],"wp:attachment":[{"href":"https:\/\/ostara-france.org\/index.php\/wp-json\/wp\/v2\/media?parent=2383"}],"curies":[{"name":"wp","href":"https:\/\/api.w.org\/{rel}","templated":true}]}}