{"id":143,"date":"2019-12-13T23:45:53","date_gmt":"2019-12-13T23:45:53","guid":{"rendered":"https:\/\/ostara-france.org\/?page_id=143"},"modified":"2019-12-25T02:38:14","modified_gmt":"2019-12-25T02:38:14","slug":"evenements","status":"publish","type":"page","link":"https:\/\/ostara-france.org\/index.php\/evenements\/","title":{"rendered":"\u00c9v\u00e9nements"},"content":{"rendered":"<p>[et_pb_section fb_built=\u00a0\u00bb1&Prime; fullwidth=\u00a0\u00bbon\u00a0\u00bb _builder_version=\u00a0\u00bb3.29.2&Prime; box_shadow_style=\u00a0\u00bbpreset1&Prime; box_shadow_spread=\u00a0\u00bb-6px\u00a0\u00bb fb_built=\u00a0\u00bb1&Prime; _i=\u00a0\u00bb0&Prime; _address=\u00a0\u00bb0&Prime;][et_pb_fullwidth_header title=\u00a0\u00bb\u00c9v\u00e9nements\u00a0\u00bb _builder_version=\u00a0\u00bb3.29.2&Prime; title_font=\u00a0\u00bbComfortaa|700|||||||\u00a0\u00bb title_font_size=\u00a0\u00bb29px\u00a0\u00bb background_color=\u00a0\u00bbrgba(0,0,0,0)\u00a0\u00bb background_image=\u00a0\u00bbhttps:\/\/ostara-france.org\/wp-content\/uploads\/2019\/12\/evenements.png\u00a0\u00bb background_position=\u00a0\u00bbtop_left\u00a0\u00bb hover_enabled=\u00a0\u00bb0&Prime; title_text_shadow_style=\u00a0\u00bbpreset1&Prime; _i=\u00a0\u00bb0&Prime; _address=\u00a0\u00bb0.0&Prime; title_text_align=\u00a0\u00bbcenter\u00a0\u00bb title_level=\u00a0\u00bbh2&Prime; title_letter_spacing=\u00a0\u00bb2px\u00a0\u00bb title_text_shadow_color=\u00a0\u00bb#000000&Prime;][\/et_pb_fullwidth_header][\/et_pb_section][et_pb_section fb_built=\u00a0\u00bb1&Prime; _builder_version=\u00a0\u00bb3.29.2&Prime; background_color=\u00a0\u00bbrgba(0,0,0,0)\u00a0\u00bb fb_built=\u00a0\u00bb1&Prime; _i=\u00a0\u00bb1&Prime; _address=\u00a0\u00bb1&Prime;][et_pb_row _builder_version=\u00a0\u00bb3.29.2&Prime; _i=\u00a0\u00bb0&Prime; _address=\u00a0\u00bb1.0&Prime;][et_pb_column type=\u00a0\u00bb4_4&Prime; _builder_version=\u00a0\u00bb3.29.2&Prime; _i=\u00a0\u00bb0&Prime; _address=\u00a0\u00bb1.0.0&Prime;][et_pb_text _builder_version=\u00a0\u00bb3.29.2&Prime; text_text_shadow_style=\u00a0\u00bbpreset1&Prime; _i=\u00a0\u00bb0&Prime; _address=\u00a0\u00bb1.0.0.0&Prime;]<\/p>\n<p style=\"text-align: center;\"><span style=\"color: #ff0000;\"><strong>MAINTENANCE<\/strong><\/span><br \/> Cette page est actuellement en pr\u00e9paration<br \/> \u00e0 tr\u00e8s bient\u00f4t sur la page<\/p>\n<p style=\"text-align: center;\"><span style=\"color: #339966;\">L&rsquo;OIGNON FAIT LA FORCE !<\/span><\/p>\n<p>&nbsp;<\/p>\n<p>[\/et_pb_text][\/et_pb_column][\/et_pb_row][\/et_pb_section][et_pb_section fb_built=\u00a0\u00bb1&Prime; _builder_version=\u00a0\u00bb3.29.2&Prime; background_color=\u00a0\u00bbrgba(0,0,0,0)\u00a0\u00bb min_height=\u00a0\u00bb201px\u00a0\u00bb custom_margin=\u00a0\u00bb-100px||||false|false\u00a0\u00bb bottom_divider_style=\u00a0\u00bbmountains2&Prime; bottom_divider_color=\u00a0\u00bb#7a7369&Prime; bottom_divider_height=\u00a0\u00bb85px\u00a0\u00bb bottom_divider_flip=\u00a0\u00bbhorizontal\u00a0\u00bb saved_tabs=\u00a0\u00bball\u00a0\u00bb fb_built=\u00a0\u00bb1&Prime; _i=\u00a0\u00bb2&Prime; _address=\u00a0\u00bb2&Prime;][\/et_pb_section]<\/p>\n","protected":false},"excerpt":{"rendered":"<p>[et_pb_section fb_built=\u00a0\u00bb1&Prime; fullwidth=\u00a0\u00bbon\u00a0\u00bb _builder_version=\u00a0\u00bb3.29.2&Prime; box_shadow_style=\u00a0\u00bbpreset1&Prime; box_shadow_spread=\u00a0\u00bb-6px\u00a0\u00bb fb_built=\u00a0\u00bb1&Prime; _i=\u00a0\u00bb0&Prime; _address=\u00a0\u00bb0&Prime;][et_pb_fullwidth_header title=\u00a0\u00bb\u00c9v\u00e9nements\u00a0\u00bb _builder_version=\u00a0\u00bb3.29.2&Prime; title_font=\u00a0\u00bbComfortaa|700|||||||\u00a0\u00bb title_font_size=\u00a0\u00bb29px\u00a0\u00bb background_color=\u00a0\u00bbrgba(0,0,0,0)\u00a0\u00bb background_image=\u00a0\u00bbhttps:\/\/ostara-france.org\/wp-content\/uploads\/2019\/12\/evenements.png\u00a0\u00bb background_position=\u00a0\u00bbtop_left\u00a0\u00bb hover_enabled=\u00a0\u00bb0&Prime; title_text_shadow_style=\u00a0\u00bbpreset1&Prime; _i=\u00a0\u00bb0&Prime; _address=\u00a0\u00bb0.0&Prime; title_text_align=\u00a0\u00bbcenter\u00a0\u00bb title_level=\u00a0\u00bbh2&Prime; title_letter_spacing=\u00a0\u00bb2px\u00a0\u00bb title_text_shadow_color=\u00a0\u00bb#000000&Prime;][\/et_pb_fullwidth_header][\/et_pb_section][et_pb_section fb_built=\u00a0\u00bb1&Prime; _builder_version=\u00a0\u00bb3.29.2&Prime; background_color=\u00a0\u00bbrgba(0,0,0,0)\u00a0\u00bb fb_built=\u00a0\u00bb1&Prime; _i=\u00a0\u00bb1&Prime; _address=\u00a0\u00bb1&Prime;][et_pb_row [&hellip;]<\/p>\n","protected":false},"author":1,"featured_media":0,"parent":0,"menu_order":0,"comment_status":"closed","ping_status":"closed","template":"","meta":{"_et_pb_use_builder":"on","_et_pb_old_content":"","footnotes":""},"class_list":["post-143","page","type-page","status-publish","hentry"],"_links":{"self":[{"href":"https:\/\/ostara-france.org\/index.php\/wp-json\/wp\/v2\/pages\/143","targetHints":{"allow":["GET"]}}],"collection":[{"href":"https:\/\/ostara-france.org\/index.php\/wp-json\/wp\/v2\/pages"}],"about":[{"href":"https:\/\/ostara-france.org\/index.php\/wp-json\/wp\/v2\/types\/page"}],"author":[{"embeddable":true,"href":"https:\/\/ostara-france.org\/index.php\/wp-json\/wp\/v2\/users\/1"}],"replies":[{"embeddable":true,"href":"https:\/\/ostara-france.org\/index.php\/wp-json\/wp\/v2\/comments?post=143"}],"version-history":[{"count":10,"href":"https:\/\/ostara-france.org\/index.php\/wp-json\/wp\/v2\/pages\/143\/revisions"}],"predecessor-version":[{"id":1486,"href":"https:\/\/ostara-france.org\/index.php\/wp-json\/wp\/v2\/pages\/143\/revisions\/1486"}],"wp:attachment":[{"href":"https:\/\/ostara-france.org\/index.php\/wp-json\/wp\/v2\/media?parent=143"}],"curies":[{"name":"wp","href":"https:\/\/api.w.org\/{rel}","templated":true}]}}