{"id":131,"date":"2019-12-13T23:43:27","date_gmt":"2019-12-13T23:43:27","guid":{"rendered":"https:\/\/ostara-france.org\/?page_id=131"},"modified":"2025-02-08T19:29:17","modified_gmt":"2025-02-08T19:29:17","slug":"initiation","status":"publish","type":"page","link":"https:\/\/ostara-france.org\/index.php\/initiation\/","title":{"rendered":"Initiation Permaculture"},"content":{"rendered":"<p>[et_pb_section fb_built=\u00a0\u00bb1&Prime; _builder_version=\u00a0\u00bb3.29.2&Prime; background_color=\u00a0\u00bbrgba(0,0,0,0)\u00a0\u00bb fb_built=\u00a0\u00bb1&Prime; _i=\u00a0\u00bb0&Prime; _address=\u00a0\u00bb0&Prime;][et_pb_row column_structure=\u00a0\u00bb1_2,1_2&Prime; _builder_version=\u00a0\u00bb3.29.2&Prime; background_color=\u00a0\u00bb#f7f7f7&Prime; width=\u00a0\u00bb96%\u00a0\u00bb min_height=\u00a0\u00bb729px\u00a0\u00bb custom_margin=\u00a0\u00bb-30px||||false|false\u00a0\u00bb custom_padding=\u00a0\u00bb||0px|||\u00a0\u00bb border_radii=\u00a0\u00bbon|5px|5px|5px|5px\u00a0\u00bb box_shadow_style=\u00a0\u00bbpreset1&Prime; box_shadow_vertical=\u00a0\u00bb0px\u00a0\u00bb box_shadow_blur=\u00a0\u00bb4px\u00a0\u00bb _i=\u00a0\u00bb0&Prime; _address=\u00a0\u00bb0.0&Prime;][et_pb_column type=\u00a0\u00bb1_2&Prime; _builder_version=\u00a0\u00bb3.29.2&Prime; _i=\u00a0\u00bb0&Prime; _address=\u00a0\u00bb0.0.0&Prime;][et_pb_text _builder_version=\u00a0\u00bb3.29.2&Prime; min_height=\u00a0\u00bb470px\u00a0\u00bb custom_padding=\u00a0\u00bb|||59px||\u00a0\u00bb _i=\u00a0\u00bb0&Prime; _address=\u00a0\u00bb0.0.0.0&Prime;]<\/p>\n<h1>\ud83c\udf31\u00a0 INITIATION \u00c0 LA PERMACULTURE<\/h1>\n<h1>&#8211; 2 JOURS<\/h1>\n<p>L&rsquo;association Ostara vous propose un week-end d\u2019initiation \u00e0 la Permaculture. Con\u00e7ue pour faire d\u00e9couvrir la philosophie de la Permaculture avec un exemple concret : Le Permalab d\u2019Ostara. L&rsquo;initiation m\u00ealera th\u00e9orique, observation et pratique pour que vous puissiez acqu\u00e9rir une vision globale du concept de la Permaculture.<\/p>\n<p>Au programme :<\/p>\n<p>&#8211; D\u00e9finition de la Permaculture, sa philosophie, son Histoire.<br \/> &#8211; L&rsquo;\u00e9thique et les grands principes de la Permaculture.<br \/> &#8211; Visite du Permalab d\u2019Ostara.<br \/> &#8211; M\u00e9thodologies de cr\u00e9ation et d\u00e9veloppement d&rsquo;un potager.<br \/> &#8211; M\u00e9thodologies d&rsquo;observations et d&rsquo;analyses.<br \/> &#8211; M\u00e9thodologies de Design.<br \/> &#8211; Travaux pratiques de Design.<\/p>\n<p>[\/et_pb_text][et_pb_divider _builder_version=\u00a0\u00bb3.29.2&Prime; _i=\u00a0\u00bb1&Prime; _address=\u00a0\u00bb0.0.0.1&Prime;][\/et_pb_divider][et_pb_text _builder_version=\u00a0\u00bb3.29.2&Prime; width=\u00a0\u00bb95.7%\u00a0\u00bb custom_padding=\u00a0\u00bb|||55px|false|false\u00a0\u00bb hover_enabled=\u00a0\u00bb0&Prime; _i=\u00a0\u00bb2&Prime; _address=\u00a0\u00bb0.0.0.2&Prime;]<\/p>\n<p>Modalit\u00e9s :<\/p>\n<p>Prix : 100\u20ac<\/p>\n<p>En cas de difficult\u00e9s financi\u00e8res veuillez nous contacter, nous ne voulons pas que ce soit un frein \u00e0 l\u2019apprentissage.<\/p>\n<p>\u2709\ufe0f Contact : permalab.ostara@gmail.com<\/p>\n<p>Si vous souhaitez vous inscrire :<\/p>\n<p>Adh\u00e9rer :<br \/> Prix libre<br \/> <a href=\"https:\/\/www.helloasso.com\/associations\/ostara-france\/adhesions\/ostara-2021\">https:\/\/www.helloasso.com\/associations\/ostara-france\/adhesions\/ostara-2021<\/a><\/p>\n<p>Inscription :<\/p>\n<p><a href=\"https:\/\/www.helloasso.com\/associations\/ostara-france\/evenements\/initiation-permaculture-urbaine-2025\">https:\/\/www.helloasso.com\/associations\/ostara-france\/evenements\/initiation-permaculture-urbaine-2025<\/a><\/p>\n<p>&nbsp;<\/p>\n<p>[\/et_pb_text][\/et_pb_column][et_pb_column type=\u00a0\u00bb1_2&Prime; _builder_version=\u00a0\u00bb3.29.2&Prime; _i=\u00a0\u00bb1&Prime; _address=\u00a0\u00bb0.0.1&Prime;][et_pb_image src=\u00a0\u00bbhttps:\/\/ostara-france.org\/wp-content\/uploads\/2020\/12\/129733026_997861884037832_375982474635394771_n.jpg\u00a0\u00bb _builder_version=\u00a0\u00bb3.29.2&Prime; min_height=\u00a0\u00bb496px\u00a0\u00bb custom_padding=\u00a0\u00bb||61px|||\u00a0\u00bb _i=\u00a0\u00bb0&Prime; _address=\u00a0\u00bb0.0.1.0&Prime;][\/et_pb_image][et_pb_text _builder_version=\u00a0\u00bb3.29.2&Prime; _i=\u00a0\u00bb1&Prime; _address=\u00a0\u00bb0.0.1.1&Prime;]\ud83d\udccdLIEU<br \/>\nJardin expe\u0301rimental Ostara<br \/>\n37 rue Saint Pierre de Vaise, LYON<\/p>\n<p>\ud83d\udd58HORAIRE<br \/>\n9h &#8211; 17h<\/p>\n<p>\ud83c\udf74REPAS<br \/>\nAu choix :<br \/>\n&#8211; Repas partage\u0301 (chacun rame\u0300ne sa spe\u0301cialite\u0301)<\/p>\n<p>\ud83d\ude80TRANSPORTS<br \/>\nGare de Lyon &#8211; Part Dieu Ligne D &#8211; Station Valmy Bus C6,C14, 31<\/p>\n<p>\ud83c\udfe9LOGEMENT<br \/>\nVous n&rsquo;habitez pas sur Lyon ? L&rsquo;Alter&rsquo;hostel est la pour vous he\u0301berger ! 20\u20ac\/nuit.-[\/et_pb_text][\/et_pb_column][\/et_pb_row][\/et_pb_section][et_pb_section fb_built=\u00a0\u00bb1&Prime; _builder_version=\u00a0\u00bb3.29.2&Prime; fb_built=\u00a0\u00bb1&Prime; _i=\u00a0\u00bb1&Prime; _address=\u00a0\u00bb1&Prime;][et_pb_row _builder_version=\u00a0\u00bb3.29.2&Prime; _i=\u00a0\u00bb0&Prime; _address=\u00a0\u00bb1.0&Prime;][et_pb_column type=\u00a0\u00bb4_4&Prime; _builder_version=\u00a0\u00bb3.29.2&Prime; _i=\u00a0\u00bb0&Prime; _address=\u00a0\u00bb1.0.0&Prime;][et_pb_text _builder_version=\u00a0\u00bb3.29.2&Prime; text_font_size=\u00a0\u00bb49px\u00a0\u00bb _i=\u00a0\u00bb0&Prime; _address=\u00a0\u00bb1.0.0.0&Prime;]<\/p>\n<p style=\"text-align: center;\"><strong>1 &#8211; ADHERER<\/strong><\/p>\n<p>[\/et_pb_text][\/et_pb_column][\/et_pb_row][et_pb_row _builder_version=\u00a0\u00bb3.29.2&Prime; _i=\u00a0\u00bb1&Prime; _address=\u00a0\u00bb1.1&Prime;][et_pb_column type=\u00a0\u00bb4_4&Prime; _builder_version=\u00a0\u00bb3.29.2&Prime; _i=\u00a0\u00bb0&Prime; _address=\u00a0\u00bb1.1.0&Prime;][et_pb_code _builder_version=\u00a0\u00bb3.29.2&Prime; _i=\u00a0\u00bb0&Prime; _address=\u00a0\u00bb1.1.0.0&Prime;]<iframe id=\"haWidget\" allowtransparency=\"true\" scrolling=\"auto\" src=\"https:\/\/www.helloasso.com\/associations\/ostara-france\/adhesions\/ostara-2021\/widget\" style=\"width: 100%; height: 750px; border: none;\" onload=\"window.scroll(0, this.offsetTop)\"><\/iframe>france\/adhesions\/ostara-2021\/widget-vignette\u00a0\u00bb style=\u00a0\u00bbwidth: 350px; height: 450px; border: none;\u00a0\u00bb><\/iframe>[\/et_pb_code][\/et_pb_column][\/et_pb_row][et_pb_row _builder_version=\u00a0\u00bb3.29.2&Prime; _i=\u00a0\u00bb2&Prime; _address=\u00a0\u00bb1.2&Prime;][et_pb_column type=\u00a0\u00bb4_4&Prime; _builder_version=\u00a0\u00bb3.29.2&Prime; _i=\u00a0\u00bb0&Prime; _address=\u00a0\u00bb1.2.0&Prime;][et_pb_text _builder_version=\u00a0\u00bb3.29.2&Prime; text_font_size=\u00a0\u00bb49px\u00a0\u00bb _i=\u00a0\u00bb0&Prime; _address=\u00a0\u00bb1.2.0.0&Prime;]<\/p>\n<p style=\"text-align: center;\"><strong>2 &#8211; S&rsquo;INSCRIRE<\/strong><\/p>\n<p>[\/et_pb_text][\/et_pb_column][\/et_pb_row][et_pb_row _builder_version=\u00a0\u00bb3.29.2&Prime; _i=\u00a0\u00bb3&Prime; _address=\u00a0\u00bb1.3&Prime;][et_pb_column type=\u00a0\u00bb4_4&Prime; _builder_version=\u00a0\u00bb3.29.2&Prime; _i=\u00a0\u00bb0&Prime; _address=\u00a0\u00bb1.3.0&Prime;][et_pb_code _builder_version=\u00a0\u00bb3.29.2&Prime; custom_padding=\u00a0\u00bb||113px|||\u00a0\u00bb _i=\u00a0\u00bb0&Prime; _address=\u00a0\u00bb1.3.0.0&Prime;]<iframe id=\"haWidget\" allowtransparency=\"true\" scrolling=\"auto\" src=\"https:\/\/www.helloasso.com\/associations\/ostara-france\/evenements\/initiation-permaculture-urbaine-2025\/widget\" style=\"width: 100%; height: 750px; border: none;\"><\/iframe>[\/et_pb_code][\/et_pb_column][\/et_pb_row][\/et_pb_section][et_pb_section fb_built=\u00a0\u00bb1&Prime; _builder_version=\u00a0\u00bb3.29.2&Prime; fb_built=\u00a0\u00bb1&Prime; _i=\u00a0\u00bb2&Prime; _address=\u00a0\u00bb2&Prime;][\/et_pb_section][et_pb_section fb_built=\u00a0\u00bb1&Prime; _builder_version=\u00a0\u00bb3.29.2&Prime; background_color=\u00a0\u00bbrgba(0,0,0,0)\u00a0\u00bb min_height=\u00a0\u00bb201px\u00a0\u00bb custom_margin=\u00a0\u00bb-190px||||false|false\u00a0\u00bb bottom_divider_style=\u00a0\u00bbmountains2&Prime; bottom_divider_color=\u00a0\u00bb#7a7369&Prime; bottom_divider_height=\u00a0\u00bb85px\u00a0\u00bb bottom_divider_flip=\u00a0\u00bbhorizontal\u00a0\u00bb saved_tabs=\u00a0\u00bball\u00a0\u00bb fb_built=\u00a0\u00bb1&Prime; _i=\u00a0\u00bb3&Prime; _address=\u00a0\u00bb3&Prime;][\/et_pb_section]<\/p>\n","protected":false},"excerpt":{"rendered":"<p>[et_pb_section fb_built=\u00a0\u00bb1&Prime; _builder_version=\u00a0\u00bb3.29.2&Prime; background_color=\u00a0\u00bbrgba(0,0,0,0)\u00a0\u00bb fb_built=\u00a0\u00bb1&Prime; _i=\u00a0\u00bb0&Prime; _address=\u00a0\u00bb0&Prime;][et_pb_row column_structure=\u00a0\u00bb1_2,1_2&Prime; _builder_version=\u00a0\u00bb3.29.2&Prime; background_color=\u00a0\u00bb#f7f7f7&Prime; width=\u00a0\u00bb96%\u00a0\u00bb min_height=\u00a0\u00bb729px\u00a0\u00bb custom_margin=\u00a0\u00bb-30px||||false|false\u00a0\u00bb custom_padding=\u00a0\u00bb||0px|||\u00a0\u00bb border_radii=\u00a0\u00bbon|5px|5px|5px|5px\u00a0\u00bb box_shadow_style=\u00a0\u00bbpreset1&Prime; box_shadow_vertical=\u00a0\u00bb0px\u00a0\u00bb box_shadow_blur=\u00a0\u00bb4px\u00a0\u00bb _i=\u00a0\u00bb0&Prime; _address=\u00a0\u00bb0.0&Prime;][et_pb_column type=\u00a0\u00bb1_2&Prime; _builder_version=\u00a0\u00bb3.29.2&Prime; _i=\u00a0\u00bb0&Prime; _address=\u00a0\u00bb0.0.0&Prime;][et_pb_text _builder_version=\u00a0\u00bb3.29.2&Prime; min_height=\u00a0\u00bb470px\u00a0\u00bb custom_padding=\u00a0\u00bb|||59px||\u00a0\u00bb _i=\u00a0\u00bb0&Prime; _address=\u00a0\u00bb0.0.0.0&Prime;] \ud83c\udf31\u00a0 [&hellip;]<\/p>\n","protected":false},"author":1,"featured_media":0,"parent":0,"menu_order":0,"comment_status":"closed","ping_status":"closed","template":"","meta":{"_et_pb_use_builder":"on","_et_pb_old_content":"","footnotes":""},"class_list":["post-131","page","type-page","status-publish","hentry"],"_links":{"self":[{"href":"https:\/\/ostara-france.org\/index.php\/wp-json\/wp\/v2\/pages\/131","targetHints":{"allow":["GET"]}}],"collection":[{"href":"https:\/\/ostara-france.org\/index.php\/wp-json\/wp\/v2\/pages"}],"about":[{"href":"https:\/\/ostara-france.org\/index.php\/wp-json\/wp\/v2\/types\/page"}],"author":[{"embeddable":true,"href":"https:\/\/ostara-france.org\/index.php\/wp-json\/wp\/v2\/users\/1"}],"replies":[{"embeddable":true,"href":"https:\/\/ostara-france.org\/index.php\/wp-json\/wp\/v2\/comments?post=131"}],"version-history":[{"count":57,"href":"https:\/\/ostara-france.org\/index.php\/wp-json\/wp\/v2\/pages\/131\/revisions"}],"predecessor-version":[{"id":4157,"href":"https:\/\/ostara-france.org\/index.php\/wp-json\/wp\/v2\/pages\/131\/revisions\/4157"}],"wp:attachment":[{"href":"https:\/\/ostara-france.org\/index.php\/wp-json\/wp\/v2\/media?parent=131"}],"curies":[{"name":"wp","href":"https:\/\/api.w.org\/{rel}","templated":true}]}}