{"id":129,"date":"2019-12-13T22:46:13","date_gmt":"2019-12-13T22:46:13","guid":{"rendered":"https:\/\/ostara-france.org\/?page_id=129"},"modified":"2020-05-06T08:33:31","modified_gmt":"2020-05-06T08:33:31","slug":"jardin-therapeutique","status":"publish","type":"page","link":"https:\/\/ostara-france.org\/index.php\/jardin-therapeutique\/","title":{"rendered":"Jardin th\u00e9rapeutique"},"content":{"rendered":"<p>[et_pb_section fb_built=\u00a0\u00bb1&Prime; fullwidth=\u00a0\u00bbon\u00a0\u00bb _builder_version=\u00a0\u00bb3.29.2&Prime; box_shadow_style=\u00a0\u00bbpreset1&Prime; box_shadow_spread=\u00a0\u00bb-6px\u00a0\u00bb fb_built=\u00a0\u00bb1&Prime; _i=\u00a0\u00bb0&Prime; _address=\u00a0\u00bb0&Prime;][et_pb_fullwidth_header title=\u00a0\u00bbJardin th\u00e9rapeutique \u00a0\u00bb _builder_version=\u00a0\u00bb3.29.2&Prime; title_font=\u00a0\u00bbComfortaa||||||||\u00a0\u00bb title_text_align=\u00a0\u00bbcenter\u00a0\u00bb title_text_color=\u00a0\u00bb#f7f7f7&Prime; title_font_size=\u00a0\u00bb29px\u00a0\u00bb title_letter_spacing=\u00a0\u00bb2px\u00a0\u00bb background_color=\u00a0\u00bbrgba(0,0,0,0)\u00a0\u00bb background_image=\u00a0\u00bbhttps:\/\/ostara-france.org\/wp-content\/uploads\/2019\/12\/therapeutique-1.jpg\u00a0\u00bb title_text_shadow_style=\u00a0\u00bbpreset1&Prime; title_text_shadow_color=\u00a0\u00bb#000000&Prime; _i=\u00a0\u00bb0&Prime; _address=\u00a0\u00bb0.0&Prime;][\/et_pb_fullwidth_header][\/et_pb_section][et_pb_section fb_built=\u00a0\u00bb1&Prime; _builder_version=\u00a0\u00bb3.29.2&Prime; background_color=\u00a0\u00bbrgba(0,0,0,0)\u00a0\u00bb fb_built=\u00a0\u00bb1&Prime; _i=\u00a0\u00bb1&Prime; _address=\u00a0\u00bb1&Prime;][et_pb_row _builder_version=\u00a0\u00bb3.29.2&Prime; background_color=\u00a0\u00bb#f7f7f7&Prime; width=\u00a0\u00bb96%\u00a0\u00bb custom_margin=\u00a0\u00bb-30px||||false|false\u00a0\u00bb animation_style=\u00a0\u00bbfade\u00a0\u00bb border_radii=\u00a0\u00bbon|5px|5px|5px|5px\u00a0\u00bb box_shadow_style=\u00a0\u00bbpreset1&Prime; box_shadow_vertical=\u00a0\u00bb0px\u00a0\u00bb box_shadow_blur=\u00a0\u00bb4px\u00a0\u00bb _i=\u00a0\u00bb0&Prime; _address=\u00a0\u00bb1.0&Prime;][et_pb_column type=\u00a0\u00bb4_4&Prime; _builder_version=\u00a0\u00bb3.29.2&Prime; _i=\u00a0\u00bb0&Prime; _address=\u00a0\u00bb1.0.0&Prime;][et_pb_text _builder_version=\u00a0\u00bb3.29.2&Prime; custom_margin=\u00a0\u00bb-27px|10px||10px|false|true\u00a0\u00bb hover_enabled=\u00a0\u00bb0&Prime; _i=\u00a0\u00bb0&Prime; _address=\u00a0\u00bb1.0.0.0&Prime;]<\/p>\n<p><strong>HISTOIRE<\/strong><\/p>\n<p>L\u2019association Ostara est une association qui promeut la Permaculture en milieu urbain. Elle a \u00e9t\u00e9 cr\u00e9\u00e9e en 2017 par des habitants du 9\u00e8me arrondissement de Lyon qui avaient l\u2019envie de trouver des solutions durables pour la ville de demain par le biais de la Permaculture. Sur une friche de 300m2, le Permalab est n\u00e9 et depuis 3 ans son potager ne n\u00e9cessite ni arrosage, ni pesticides, ni engrais. Le but \u00e9tant de travailler avec et non contre la Nature.<\/p>\n<p>En 2019, deux nouveaux membres sont entr\u00e9s dans l\u2019association et l\u2019envie est n\u00e9e d\u2019aller plus loin dans la Permaculture et surtout dans la branche \u00ab\u00a0bien-\u00eatre\u00a0\u00bb.<br \/> Depuis un an, Claire Mison \u00e9tudiante en herboristerie, a fait la promotion des plantes m\u00e9dicinales et sauvages dans les bacs Incroyables Comestibles que nous avions install\u00e9 dans le quartier en 2018. Vous pouvez avoir acc\u00e8s \u00e0 toutes ses fiches de plantes sauvages et m\u00e9dicinales sur le groupe Facebook\u00a0: Incroyables Comestibles Lyon 9. (https:\/\/www.facebook.com\/groups\/476367762886725\/)<br \/> Dans le m\u00eame temps, L\u00e9ny Garcia, docteur en chimie, a fait des exp\u00e9riences en Electroculture et a \u00e9crit des articles sur les capacit\u00e9s sensorielles des plantes que nous mettrons en ligne sur le site prochainement.<\/p>\n<p>En 2020, Ostara souhaite donc promouvoir les plantes m\u00e9dicinales et les m\u00e9decines compl\u00e9mentaires au sein de son Permalab.<\/p>\n<p>&nbsp;<\/p>\n<p>&nbsp;<\/p>\n<p><strong>PROJET<\/strong><\/p>\n<p>Balades botaniques\u00a0 _<\/p>\n<p><span style=\"font-weight: 400;\">Notre projet a pour ambition de faire d\u00e9couvrir les principes de la permaculture aux enfants. Gr\u00e2ce \u00e0 notre jardin urbain nous souhaitons sensibiliser \u00e0 la nature en milieu urbain et faire d\u00e9couvrir les plantes aromatiques, m\u00e9dicinales et l\u2019alimentation sant\u00e9. Pour cet action nous souhaitons cr\u00e9er des balades botaniques pour les enfants de 4 \u00e0 12 ans. Ces balades seront anim\u00e9s par une Naturopathe et une Designer en Permaculture. Ces balades de 1h30 pour 30 \u00e9l\u00e8ves seront r\u00e9alis\u00e9 dans le Permalab de l\u2019association Ostara dans le 9\u00e8me arrondissement de Lyon.\u00a0<\/span><\/p>\n<p><span style=\"font-weight: 400;\">Durant ce temps de d\u00e9couverte les enfants pourront :<\/span><\/p>\n<p><span style=\"font-weight: 400;\">&#8211; d\u00e9velopper le sens de l&rsquo;observation\u00a0<\/span><\/p>\n<p><span style=\"font-weight: 400;\">&#8211; d\u00e9couvrir les plantes m\u00e9dicinales\u00a0<\/span><\/p>\n<p><span style=\"font-weight: 400;\">&#8211; comprendre un \u00e9cosyst\u00e8me et la biodiversit\u00e9\u00a0<\/span><\/p>\n<p><span style=\"font-weight: 400;\">&#8211; mobiliser nos sens (odorat, toucher, vue, \u00e9coute, go\u00fbt)\u00a0<\/span><\/p>\n<p><span style=\"font-weight: 400;\">&#8211; \u00e9couter la nature &amp; la ville\u00a0<\/span><\/p>\n<p><span style=\"font-weight: 400;\">&#8211; d\u00e9velopper l&rsquo;\u00e9coute de soi\u00a0<\/span><\/p>\n<p><span style=\"font-weight: 400;\">&#8211; discerner les esp\u00e8ces et les plantes\u00a0<\/span><\/p>\n<p><span style=\"font-weight: 400;\">&#8211; acqu\u00e9rir des connaissances de nutrition\u00a0<\/span><\/p>\n<p><span style=\"font-weight: 400;\">&#8211; acqu\u00e9rir des connaissances de petits soins naturels<\/span><\/p>\n<p><span style=\"font-weight: 400;\">A la fin de ces balades les enfants repartiront avec un livret p\u00e9dagogique de l\u2019association Ostara pour partager leurs d\u00e9couvertes avec leurs parents.\u00a0<\/span><br \/><span style=\"font-weight: 400;\">Conscient des difficult\u00e9s rencontr\u00e9s par les \u00e9tablissement scolaire durant la crise du COVID-19, ces balades pourront \u00eatre modul\u00e9 en fonction des attentes des groupes scolaires et permettront \u00e0 ceux-ci de diviser leurs classes durant ces temps pour \u00e9viter les risques de contaminations.\u00a0<\/span><span style=\"font-weight: 400;\">C\u2019est dans cette m\u00eame d\u00e9marche que nous souhaitons r\u00e9aliser des livrets d\u2019exercices\/ateliers p\u00e9dagogiques pour les \u00e9coles et autres structures accueillant des enfants pour qu\u2019ils puissent eux aussi proposer, en toute autonomie, des petits ateliers simples avec les enfants pour les sensibiliser \u00e0 la nature et \u00e0 une bonne hygi\u00e8ne de vie durant cette crise de COVID-19.<\/span><\/p>\n<p>FINANCEMENTS\u00a0<\/p>\n<div>Crowdfunding _<\/div>\n<div>3 000\u20ac r\u00e9colt\u00e9s\u00a0<\/div>\n<div>Un immense<span>\u00a0<\/span><strong>MERCI<\/strong><span>\u00a0<\/span>\u00e0 vous tous, tous ce soutien nous touche enormement !! \ud83d\ude4f<\/div>\n<div>\u00a0Le premier seuil de 1 000\u20ac nous permet d&rsquo;assurer le financement de la terre, des plantes, du transport et de quelques supports de communication pour le jardin th\u00e9rapeutique et le seuil de 1500\u20ac va nous permettre d&rsquo;accueillir comme il se doit les petits permaculteurs ! DONC MERCIIIIIIII !!!!<\/div>\n<p>&nbsp;<\/p>\n<p>L&rsquo;OIGNON FAIT LA FORCE !<\/p>\n<p>[\/et_pb_text][\/et_pb_column][\/et_pb_row][\/et_pb_section][et_pb_section fb_built=\u00a0\u00bb1&Prime; _builder_version=\u00a0\u00bb3.29.2&Prime; background_color=\u00a0\u00bbrgba(0,0,0,0)\u00a0\u00bb min_height=\u00a0\u00bb201px\u00a0\u00bb custom_margin=\u00a0\u00bb-100px||||false|false\u00a0\u00bb bottom_divider_style=\u00a0\u00bbmountains2&Prime; bottom_divider_color=\u00a0\u00bb#7a7369&Prime; bottom_divider_height=\u00a0\u00bb85px\u00a0\u00bb bottom_divider_flip=\u00a0\u00bbhorizontal\u00a0\u00bb saved_tabs=\u00a0\u00bball\u00a0\u00bb fb_built=\u00a0\u00bb1&Prime; _i=\u00a0\u00bb2&Prime; _address=\u00a0\u00bb2&Prime;][\/et_pb_section]<\/p>\n","protected":false},"excerpt":{"rendered":"<p>[et_pb_section fb_built=\u00a0\u00bb1&Prime; fullwidth=\u00a0\u00bbon\u00a0\u00bb _builder_version=\u00a0\u00bb3.29.2&Prime; box_shadow_style=\u00a0\u00bbpreset1&Prime; box_shadow_spread=\u00a0\u00bb-6px\u00a0\u00bb fb_built=\u00a0\u00bb1&Prime; _i=\u00a0\u00bb0&Prime; _address=\u00a0\u00bb0&Prime;][et_pb_fullwidth_header title=\u00a0\u00bbJardin th\u00e9rapeutique \u00a0\u00bb _builder_version=\u00a0\u00bb3.29.2&Prime; title_font=\u00a0\u00bbComfortaa||||||||\u00a0\u00bb title_text_align=\u00a0\u00bbcenter\u00a0\u00bb title_text_color=\u00a0\u00bb#f7f7f7&Prime; title_font_size=\u00a0\u00bb29px\u00a0\u00bb title_letter_spacing=\u00a0\u00bb2px\u00a0\u00bb background_color=\u00a0\u00bbrgba(0,0,0,0)\u00a0\u00bb background_image=\u00a0\u00bbhttps:\/\/ostara-france.org\/wp-content\/uploads\/2019\/12\/therapeutique-1.jpg\u00a0\u00bb title_text_shadow_style=\u00a0\u00bbpreset1&Prime; title_text_shadow_color=\u00a0\u00bb#000000&Prime; _i=\u00a0\u00bb0&Prime; _address=\u00a0\u00bb0.0&Prime;][\/et_pb_fullwidth_header][\/et_pb_section][et_pb_section fb_built=\u00a0\u00bb1&Prime; _builder_version=\u00a0\u00bb3.29.2&Prime; background_color=\u00a0\u00bbrgba(0,0,0,0)\u00a0\u00bb fb_built=\u00a0\u00bb1&Prime; _i=\u00a0\u00bb1&Prime; _address=\u00a0\u00bb1&Prime;][et_pb_row [&hellip;]<\/p>\n","protected":false},"author":1,"featured_media":0,"parent":0,"menu_order":0,"comment_status":"closed","ping_status":"closed","template":"","meta":{"_et_pb_use_builder":"on","_et_pb_old_content":"","footnotes":""},"class_list":["post-129","page","type-page","status-publish","hentry"],"_links":{"self":[{"href":"https:\/\/ostara-france.org\/index.php\/wp-json\/wp\/v2\/pages\/129","targetHints":{"allow":["GET"]}}],"collection":[{"href":"https:\/\/ostara-france.org\/index.php\/wp-json\/wp\/v2\/pages"}],"about":[{"href":"https:\/\/ostara-france.org\/index.php\/wp-json\/wp\/v2\/types\/page"}],"author":[{"embeddable":true,"href":"https:\/\/ostara-france.org\/index.php\/wp-json\/wp\/v2\/users\/1"}],"replies":[{"embeddable":true,"href":"https:\/\/ostara-france.org\/index.php\/wp-json\/wp\/v2\/comments?post=129"}],"version-history":[{"count":18,"href":"https:\/\/ostara-france.org\/index.php\/wp-json\/wp\/v2\/pages\/129\/revisions"}],"predecessor-version":[{"id":1722,"href":"https:\/\/ostara-france.org\/index.php\/wp-json\/wp\/v2\/pages\/129\/revisions\/1722"}],"wp:attachment":[{"href":"https:\/\/ostara-france.org\/index.php\/wp-json\/wp\/v2\/media?parent=129"}],"curies":[{"name":"wp","href":"https:\/\/api.w.org\/{rel}","templated":true}]}}