{"id":109,"date":"2019-12-13T20:36:47","date_gmt":"2019-12-13T20:36:47","guid":{"rendered":"https:\/\/ostara-france.org\/?page_id=109"},"modified":"2021-11-20T16:46:45","modified_gmt":"2021-11-20T16:46:45","slug":"lassociation","status":"publish","type":"page","link":"https:\/\/ostara-france.org\/index.php\/lassociation\/","title":{"rendered":"Qui sommes nous ?"},"content":{"rendered":"<p>[et_pb_section fb_built=\u00a0\u00bb1&Prime; fullwidth=\u00a0\u00bbon\u00a0\u00bb disabled_on=\u00a0\u00bboff|off|off\u00a0\u00bb _builder_version=\u00a0\u00bb3.29.2&Prime; background_color=\u00a0\u00bbrgba(0,0,0,0)\u00a0\u00bb box_shadow_style=\u00a0\u00bbpreset1&Prime; box_shadow_spread=\u00a0\u00bb-6px\u00a0\u00bb fb_built=\u00a0\u00bb1&Prime; _i=\u00a0\u00bb0&Prime; _address=\u00a0\u00bb0&Prime;][et_pb_fullwidth_header title=\u00a0\u00bbL&rsquo;association\u00a0\u00bb _builder_version=\u00a0\u00bb3.29.2&Prime; title_level=\u00a0\u00bbh2&Prime; title_font=\u00a0\u00bbComfortaa|700|||||||\u00a0\u00bb title_text_align=\u00a0\u00bbcenter\u00a0\u00bb title_text_color=\u00a0\u00bb#f7f7f7&Prime; title_font_size=\u00a0\u00bb29px\u00a0\u00bb title_letter_spacing=\u00a0\u00bb2px\u00a0\u00bb background_color=\u00a0\u00bb#ffffff\u00a0\u00bb background_image=\u00a0\u00bbhttps:\/\/ostara-france.org\/wp-content\/uploads\/2019\/12\/39-Marre-Ostara.png\u00a0\u00bb custom_margin=\u00a0\u00bb||||false|false\u00a0\u00bb title_text_shadow_style=\u00a0\u00bbpreset1&Prime; title_text_shadow_color=\u00a0\u00bb#000000&Prime; text_shadow_style=\u00a0\u00bbpreset5&Prime; _i=\u00a0\u00bb0&Prime; _address=\u00a0\u00bb0.0&Prime;][\/et_pb_fullwidth_header][\/et_pb_section][et_pb_section fb_built=\u00a0\u00bb1&Prime; disabled_on=\u00a0\u00bboff|off|off\u00a0\u00bb _builder_version=\u00a0\u00bb3.29.2&Prime; background_color=\u00a0\u00bbrgba(0,0,0,0)\u00a0\u00bb fb_built=\u00a0\u00bb1&Prime; _i=\u00a0\u00bb1&Prime; _address=\u00a0\u00bb1&Prime;][et_pb_row column_structure=\u00a0\u00bb3_5,2_5&Prime; make_equal=\u00a0\u00bbon\u00a0\u00bb _builder_version=\u00a0\u00bb3.29.2&Prime; background_color=\u00a0\u00bb#f7f7f7&Prime; width=\u00a0\u00bb96%\u00a0\u00bb min_height=\u00a0\u00bb877px\u00a0\u00bb custom_margin=\u00a0\u00bb-30px||||false|false\u00a0\u00bb custom_padding=\u00a0\u00bb|90px||73px|false|false\u00a0\u00bb animation_style=\u00a0\u00bbfade\u00a0\u00bb border_radii=\u00a0\u00bbon|5px|5px|5px|5px\u00a0\u00bb box_shadow_style=\u00a0\u00bbpreset1&Prime; box_shadow_vertical=\u00a0\u00bb0px\u00a0\u00bb box_shadow_blur=\u00a0\u00bb4px\u00a0\u00bb _i=\u00a0\u00bb0&Prime; _address=\u00a0\u00bb1.0&Prime;][et_pb_column type=\u00a0\u00bb3_5&Prime; _builder_version=\u00a0\u00bb3.29.2&Prime; _i=\u00a0\u00bb0&Prime; _address=\u00a0\u00bb1.0.0&Prime;][et_pb_text _builder_version=\u00a0\u00bb3.29.2&Prime; text_font=\u00a0\u00bbComfortaa||||||||\u00a0\u00bb text_font_size=\u00a0\u00bb32px\u00a0\u00bb custom_margin=\u00a0\u00bb|||8px|false|false\u00a0\u00bb custom_padding=\u00a0\u00bb||26px|||\u00a0\u00bb _i=\u00a0\u00bb0&Prime; _address=\u00a0\u00bb1.0.0.0&Prime;]<\/p>\n<p>HISTOIRE<\/p>\n<p>[\/et_pb_text][et_pb_text _builder_version=\u00a0\u00bb3.29.2&Prime; text_font=\u00a0\u00bbOpen Sans||||||||\u00a0\u00bb text_orientation=\u00a0\u00bbjustified\u00a0\u00bb width=\u00a0\u00bb86.1%\u00a0\u00bb custom_margin=\u00a0\u00bb-27px|10px||10px|false|true\u00a0\u00bb _i=\u00a0\u00bb1&Prime; _address=\u00a0\u00bb1.0.0.1&Prime;]<strong>Ostara est une association de loi 1901, cr\u00e9\u00e9e en 2017 qui a pour objectif de promouvoir la permaculture en milieu urbain par la cr\u00e9ation et l\u2019entretien de jardins exp\u00e9rimentaux (Permalab) en permaculture et par des ateliers d\u2019initiation, de sensibilisation et de formation.<br \/>\n<\/strong><\/p>\n<p>Imaginez\u2026 300 m\u00e8tres carr\u00e9 de terrain laiss\u00e9s \u00e0 l\u2019abandon + des amoureux de la nature + des r\u00e9seaux de neurones qui se transforment en bouillon de culture + des bras encore plus muscl\u00e9s que ceux de Popeye + des kilos d\u2019\u00e9nergie \u00e0 revendre\u2026 saupoudrez le tout de beaucoup d\u2019observation et de multiples exp\u00e9rimentations, vous obtiendrez le merveilleux jardin d\u2019Ostara situ\u00e9 dans le 9\u00e8me arrondissement de la\u00a0<a href=\"https:\/\/www.facebook.com\/villedelyon\/\">ville de Lyon<\/a>.<\/p>\n<p>L\u2019association Ostara est n\u00e9e de la rencontre entre Philippe et Rapha\u00eblle, en 2016.<\/p>\n<p>Cela faisait plusieurs ann\u00e9es que Philippe se levait chaque jour avec l\u2019id\u00e9e de transformer ce terrain en friche appartenant \u00e0 la M\u00e9tropole, en jardin zen. Il a donc commenc\u00e9 par d\u00e9barrasser l\u2019espace qui \u00e9tait occup\u00e9 par plus de 2 tonnes de ferraille et a ainsi pu se rendre compte de la profondeur du terrain.<\/p>\n<p>Rapha\u00eblle, quant-\u00e0-elle, \u00e9tudiante \u00e0 l\u2019<a href=\"https:\/\/www.facebook.com\/ESCD3A\/\">Ecole 3A<\/a>\u00a0et passionn\u00e9e par la permaculture. Contrainte de vivre en ville pour ses \u00e9tudes, elle partage son souhait de trouver un espace pour s\u2019exp\u00e9rimenter en permaculture lors d\u2019un repas aux\u00a0<a href=\"https:\/\/www.facebook.com\/LesPetitesCantinesVaise\/\">Petites Cantines<\/a>, restaurant participatif qui fait du social autour de l\u2019assiette.<\/p>\n<p>Juliette, ma\u00eetresse de maison des Petites Cantines a tout de suite pens\u00e9 \u00e0 mettre en relation Philippe et Rapha\u00eblle. Tous deux int\u00e9ress\u00e9s par la permaculture et d\u00e9sireux de r\u00e9introduire la nature en milieu urbain, l\u2019id\u00e9e de cr\u00e9er un jardin participatif, exp\u00e9rimental en permaculture s\u2019est concr\u00e9tis\u00e9e\u2026 et\u00a0<a href=\"https:\/\/l.facebook.com\/l.php?u=http%3A%2F%2Fostara-france.org%2F&amp;h=ATMfbbu-oU9oNhigTghqdyffAkLJVAJbR14Gj_riuW7pBwhxmWXprpS6QgicCO86-8G1v7Zn65CNUu6CsuWdJD7G3py75P1s-duFVsCiIigTIGkomlk\">Ostara<\/a>\u00a0vit le jour !<\/p>\n<p>Aujourd\u2019hui, le Permalab d&rsquo;Ostara produit sans arrosage, sans pesticide et sans engrais. L\u2019association propose diff\u00e9rentes activit\u00e9s et formations autour du lien entre humain et nature. Elle est pr\u00e9sente sur divers \u00e9v\u00e9nements, conf\u00e9rences et propose ses services d\u2019accompagnement dans l\u2019am\u00e9nagement de jardins permaculturels sous forme de formations.[\/et_pb_text][et_pb_text _builder_version=\u00a0\u00bb3.29.2&Prime; text_font=\u00a0\u00bbOpen Sans||||||||\u00a0\u00bb text_font_size=\u00a0\u00bb10px\u00a0\u00bb background_layout=\u00a0\u00bbdark\u00a0\u00bb custom_margin=\u00a0\u00bb-20px|12px|-20px|12px|true|true\u00a0\u00bb _i=\u00a0\u00bb2&Prime; _address=\u00a0\u00bb1.0.0.2&Prime;]<\/p>\n<p>Maps Ostara 2016<\/p>\n<p>[\/et_pb_text][\/et_pb_column][et_pb_column type=\u00a0\u00bb2_5&Prime; _builder_version=\u00a0\u00bb3.29.2&Prime; _i=\u00a0\u00bb1&Prime; _address=\u00a0\u00bb1.0.1&Prime;][et_pb_text _builder_version=\u00a0\u00bb3.29.2&Prime; text_font=\u00a0\u00bbComfortaa|700|||||||\u00a0\u00bb text_font_size=\u00a0\u00bb16px\u00a0\u00bb text_orientation=\u00a0\u00bbcenter\u00a0\u00bb min_height=\u00a0\u00bb27px\u00a0\u00bb custom_margin=\u00a0\u00bb|10px||10px|false|true\u00a0\u00bb custom_padding=\u00a0\u00bb65px||5px|||\u00a0\u00bb text_text_shadow_style=\u00a0\u00bbpreset3&Prime; _i=\u00a0\u00bb0&Prime; _address=\u00a0\u00bb1.0.1.0&Prime;]<\/p>\n<p style=\"text-align: center;\"><span style=\"color: #339966;\"><strong>Ostara, symbole de l\u2019\u00e9quinoxe du printemps, sort de son sommeil et enveloppe la Terre de fertilit\u00e9.<\/strong><\/span><\/p>\n<p>[\/et_pb_text][et_pb_text _builder_version=\u00a0\u00bb3.29.2&Prime; text_font=\u00a0\u00bbOpen Sans||||||||\u00a0\u00bb header_font=\u00a0\u00bb||||||||\u00a0\u00bb header_text_align=\u00a0\u00bbjustify\u00a0\u00bb text_orientation=\u00a0\u00bbjustified\u00a0\u00bb custom_margin=\u00a0\u00bb20px|10px||10px|false|false\u00a0\u00bb _i=\u00a0\u00bb1&Prime; _address=\u00a0\u00bb1.0.1.1&Prime;]<\/p>\n<p>Dans la culture pa\u00efenne, Ostara repr\u00e9sentait une grande f\u00eate de l&rsquo;Equinoxe de printemps.<br \/>\nPour nous, la Permaculture est aussi un moyen de se rapprocher des cycles naturels comme les saisons.<br \/>\nLa Nature est la pour nous le rappeler sans cesse et nous pouvons donc l&rsquo;int\u00e9grer dans nos modes de vie en l&rsquo;observant.<\/p>\n<p>[\/et_pb_text][et_pb_image src=\u00a0\u00bbhttps:\/\/ostara-france.org\/wp-content\/uploads\/2019\/12\/40-Ostara-Mappy.png\u00a0\u00bb show_bottom_space=\u00a0\u00bboff\u00a0\u00bb align=\u00a0\u00bbcenter\u00a0\u00bb force_fullwidth=\u00a0\u00bbon\u00a0\u00bb _builder_version=\u00a0\u00bb3.29.2&Prime; background_color=\u00a0\u00bbrgba(0,0,0,0)\u00a0\u00bb custom_margin=\u00a0\u00bb-20px||||false|true\u00a0\u00bb custom_padding=\u00a0\u00bb||||false|false\u00a0\u00bb border_radii=\u00a0\u00bbon|5px|5px|5px|5px\u00a0\u00bb border_width_bottom=\u00a0\u00bb18px\u00a0\u00bb border_color_bottom=\u00a0\u00bb#65a687&Prime; _i=\u00a0\u00bb2&Prime; _address=\u00a0\u00bb1.0.1.2&Prime;][\/et_pb_image][et_pb_text _builder_version=\u00a0\u00bb3.29.2&Prime; _i=\u00a0\u00bb3&Prime; _address=\u00a0\u00bb1.0.1.3&Prime;]<\/p>\n<p>Le Permalab d&rsquo;Ostara : Un centre de formation \u00e0 la Permaculture Urbaine<\/p>\n<p>[\/et_pb_text][\/et_pb_column][\/et_pb_row][et_pb_row _builder_version=\u00a0\u00bb3.29.2&Prime; min_height=\u00a0\u00bb397px\u00a0\u00bb _i=\u00a0\u00bb1&Prime; _address=\u00a0\u00bb1.1&Prime;][et_pb_column type=\u00a0\u00bb4_4&Prime; _builder_version=\u00a0\u00bb3.29.2&Prime; _i=\u00a0\u00bb0&Prime; _address=\u00a0\u00bb1.1.0&Prime;][et_pb_slider _builder_version=\u00a0\u00bb3.29.2&Prime; _i=\u00a0\u00bb0&Prime; _address=\u00a0\u00bb1.1.0.0&Prime;][et_pb_slide heading=\u00a0\u00bb2016&Prime; _builder_version=\u00a0\u00bb3.29.2&Prime; background_color=\u00a0\u00bbrgba(0,0,0,0)\u00a0\u00bb background_enable_color=\u00a0\u00bbon\u00a0\u00bb background_image=\u00a0\u00bbhttps:\/\/ostara-france.org\/wp-content\/uploads\/2020\/10\/7-Terrain-nettoye\u0301.jpg\u00a0\u00bb background_enable_image=\u00a0\u00bbon\u00a0\u00bb _i=\u00a0\u00bb0&Prime; _address=\u00a0\u00bb1.1.0.0.0&Prime;][\/et_pb_slide][et_pb_slide heading=\u00a0\u00bbFEVRIER 2017&Prime; _builder_version=\u00a0\u00bb3.29.2&Prime; background_color=\u00a0\u00bbrgba(0,0,0,0)\u00a0\u00bb background_enable_color=\u00a0\u00bbon\u00a0\u00bb background_image=\u00a0\u00bbhttps:\/\/ostara-france.org\/wp-content\/uploads\/2021\/11\/permalab-2017.jpeg\u00a0\u00bb background_enable_image=\u00a0\u00bbon\u00a0\u00bb _i=\u00a0\u00bb1&Prime; _address=\u00a0\u00bb1.1.0.0.1&Prime;][\/et_pb_slide][et_pb_slide heading=\u00a0\u00bbAOUT 2017 \u00a0\u00bb _builder_version=\u00a0\u00bb3.29.2&Prime; background_color=\u00a0\u00bbrgba(0,0,0,0)\u00a0\u00bb background_enable_color=\u00a0\u00bbon\u00a0\u00bb background_image=\u00a0\u00bbhttps:\/\/ostara-france.org\/wp-content\/uploads\/2020\/10\/32-Jardin-e\u0301te\u0301.jpg\u00a0\u00bb background_enable_image=\u00a0\u00bbon\u00a0\u00bb _i=\u00a0\u00bb2&Prime; _address=\u00a0\u00bb1.1.0.0.2&Prime;][\/et_pb_slide][et_pb_slide heading=\u00a0\u00bb2020&Prime; _builder_version=\u00a0\u00bb3.29.2&Prime; background_color=\u00a0\u00bbrgba(0,0,0,0)\u00a0\u00bb background_enable_color=\u00a0\u00bbon\u00a0\u00bb background_image=\u00a0\u00bbhttps:\/\/ostara-france.org\/wp-content\/uploads\/2021\/11\/permalab-2020.jpeg\u00a0\u00bb background_enable_image=\u00a0\u00bbon\u00a0\u00bb _i=\u00a0\u00bb3&Prime; _address=\u00a0\u00bb1.1.0.0.3&Prime;][\/et_pb_slide][\/et_pb_slider][et_pb_slider _builder_version=\u00a0\u00bb3.29.2&Prime; hover_enabled=\u00a0\u00bb0&Prime; _i=\u00a0\u00bb1&Prime; _address=\u00a0\u00bb1.1.0.1&Prime;][et_pb_slide heading=\u00a0\u00bbFormations\u00a0\u00bb _builder_version=\u00a0\u00bb3.29.2&Prime; background_color=\u00a0\u00bbrgba(0,0,0,0)\u00a0\u00bb background_enable_color=\u00a0\u00bbon\u00a0\u00bb background_image=\u00a0\u00bbhttps:\/\/ostara-france.org\/wp-content\/uploads\/2019\/12\/formation-2.jpg\u00a0\u00bb background_enable_image=\u00a0\u00bbon\u00a0\u00bb _i=\u00a0\u00bb0&Prime; _address=\u00a0\u00bb1.1.0.1.0&Prime;][\/et_pb_slide][et_pb_slide heading=\u00a0\u00bbAccompagnement de projets\u00a0\u00bb _builder_version=\u00a0\u00bb3.29.2&Prime; background_color=\u00a0\u00bbrgba(0,0,0,0)\u00a0\u00bb background_enable_color=\u00a0\u00bbon\u00a0\u00bb background_image=\u00a0\u00bbhttps:\/\/ostara-france.org\/wp-content\/uploads\/2020\/04\/Sans-titre-2.jpg\u00a0\u00bb background_enable_image=\u00a0\u00bbon\u00a0\u00bb hover_enabled=\u00a0\u00bb0&Prime; _i=\u00a0\u00bb1&Prime; _address=\u00a0\u00bb1.1.0.1.1&Prime;][\/et_pb_slide][et_pb_slide heading=\u00a0\u00bbPermalab\u00a0\u00bb _builder_version=\u00a0\u00bb3.29.2&Prime; background_color=\u00a0\u00bbrgba(0,0,0,0)\u00a0\u00bb background_enable_color=\u00a0\u00bbon\u00a0\u00bb background_image=\u00a0\u00bbhttps:\/\/ostara-france.org\/wp-content\/uploads\/2020\/10\/Serre-Ostara-scaled.jpg\u00a0\u00bb background_enable_image=\u00a0\u00bbon\u00a0\u00bb _i=\u00a0\u00bb2&Prime; _address=\u00a0\u00bb1.1.0.1.2&Prime;][\/et_pb_slide][et_pb_slide heading=\u00a0\u00bbJardin th\u00e9rapeutique\u00a0\u00bb _builder_version=\u00a0\u00bb3.29.2&Prime; background_color=\u00a0\u00bbrgba(0,0,0,0)\u00a0\u00bb background_enable_color=\u00a0\u00bbon\u00a0\u00bb background_image=\u00a0\u00bbhttps:\/\/ostara-france.org\/wp-content\/uploads\/2019\/12\/Soin-\u00e0-la-Nature-et-\u00e0-la-Terre.jpg\u00a0\u00bb background_enable_image=\u00a0\u00bbon\u00a0\u00bb _i=\u00a0\u00bb3&Prime; _address=\u00a0\u00bb1.1.0.1.3&Prime;][\/et_pb_slide][et_pb_slide heading=\u00a0\u00bbAteliers Bien-Etre\u00a0\u00bb _builder_version=\u00a0\u00bb3.29.2&Prime; background_color=\u00a0\u00bbrgba(0,0,0,0)\u00a0\u00bb background_enable_color=\u00a0\u00bbon\u00a0\u00bb background_image=\u00a0\u00bbhttps:\/\/ostara-france.org\/wp-content\/uploads\/2020\/08\/atelier-ostara.jpg\u00a0\u00bb background_enable_image=\u00a0\u00bbon\u00a0\u00bb _i=\u00a0\u00bb4&Prime; _address=\u00a0\u00bb1.1.0.1.4&Prime;][\/et_pb_slide][et_pb_slide heading=\u00a0\u00bbAteliers Enfants\u00a0\u00bb _builder_version=\u00a0\u00bb3.29.2&Prime; background_color=\u00a0\u00bbrgba(0,0,0,0)\u00a0\u00bb background_enable_color=\u00a0\u00bbon\u00a0\u00bb background_image=\u00a0\u00bbhttps:\/\/ostara-france.org\/wp-content\/uploads\/2019\/12\/enseignement-et-culture.jpg\u00a0\u00bb background_enable_image=\u00a0\u00bbon\u00a0\u00bb _i=\u00a0\u00bb5&Prime; _address=\u00a0\u00bb1.1.0.1.5&Prime;][\/et_pb_slide][\/et_pb_slider][\/et_pb_column][\/et_pb_row][\/et_pb_section][et_pb_section fb_built=\u00a0\u00bb1&Prime; _builder_version=\u00a0\u00bb3.29.2&Prime; background_color=\u00a0\u00bbrgba(0,0,0,0)\u00a0\u00bb min_height=\u00a0\u00bb201px\u00a0\u00bb custom_margin=\u00a0\u00bb-53px||||false|false\u00a0\u00bb bottom_divider_style=\u00a0\u00bbmountains2&Prime; bottom_divider_color=\u00a0\u00bb#7a7369&Prime; bottom_divider_height=\u00a0\u00bb85px\u00a0\u00bb bottom_divider_flip=\u00a0\u00bbhorizontal\u00a0\u00bb saved_tabs=\u00a0\u00bball\u00a0\u00bb fb_built=\u00a0\u00bb1&Prime; _i=\u00a0\u00bb2&Prime; _address=\u00a0\u00bb2&Prime;][et_pb_row _builder_version=\u00a0\u00bb3.29.2&Prime; _i=\u00a0\u00bb0&Prime; _address=\u00a0\u00bb2.0&Prime;][et_pb_column type=\u00a0\u00bb4_4&Prime; _builder_version=\u00a0\u00bb3.29.2&Prime; _i=\u00a0\u00bb0&Prime; _address=\u00a0\u00bb2.0.0&Prime;][et_pb_text _builder_version=\u00a0\u00bb3.29.2&Prime; text_font_size=\u00a0\u00bb41px\u00a0\u00bb _i=\u00a0\u00bb0&Prime; _address=\u00a0\u00bb2.0.0.0&Prime;]<\/p>\n<p>Pour adh\u00e9rer :<\/p>\n<p>[\/et_pb_text][\/et_pb_column][\/et_pb_row][et_pb_row _builder_version=\u00a0\u00bb3.29.2&Prime; _i=\u00a0\u00bb1&Prime; _address=\u00a0\u00bb2.1&Prime;][et_pb_column type=\u00a0\u00bb4_4&Prime; _builder_version=\u00a0\u00bb3.29.2&Prime; _i=\u00a0\u00bb0&Prime; _address=\u00a0\u00bb2.1.0&Prime;][et_pb_code _builder_version=\u00a0\u00bb3.29.2&Prime; _i=\u00a0\u00bb0&Prime; _address=\u00a0\u00bb2.1.0.0&Prime;]<iframe id=\"haWidget\" style=\"width: 100%; height: 750px; border: none;\" src=\"https:\/\/www.helloasso.com\/associations\/ostara-france\/adhesions\/ostara-2021\/widget\" scrolling=\"auto\"><\/iframe>[\/et_pb_code][\/et_pb_column][\/et_pb_row][\/et_pb_section]<\/p>\n","protected":false},"excerpt":{"rendered":"<p>[et_pb_section fb_built=\u00a0\u00bb1&Prime; fullwidth=\u00a0\u00bbon\u00a0\u00bb disabled_on=\u00a0\u00bboff|off|off\u00a0\u00bb _builder_version=\u00a0\u00bb3.29.2&Prime; background_color=\u00a0\u00bbrgba(0,0,0,0)\u00a0\u00bb box_shadow_style=\u00a0\u00bbpreset1&Prime; box_shadow_spread=\u00a0\u00bb-6px\u00a0\u00bb fb_built=\u00a0\u00bb1&Prime; _i=\u00a0\u00bb0&Prime; _address=\u00a0\u00bb0&Prime;][et_pb_fullwidth_header title=\u00a0\u00bbL&rsquo;association\u00a0\u00bb _builder_version=\u00a0\u00bb3.29.2&Prime; title_level=\u00a0\u00bbh2&Prime; title_font=\u00a0\u00bbComfortaa|700|||||||\u00a0\u00bb title_text_align=\u00a0\u00bbcenter\u00a0\u00bb title_text_color=\u00a0\u00bb#f7f7f7&Prime; title_font_size=\u00a0\u00bb29px\u00a0\u00bb title_letter_spacing=\u00a0\u00bb2px\u00a0\u00bb background_color=\u00a0\u00bb#ffffff\u00a0\u00bb background_image=\u00a0\u00bbhttps:\/\/ostara-france.org\/wp-content\/uploads\/2019\/12\/39-Marre-Ostara.png\u00a0\u00bb custom_margin=\u00a0\u00bb||||false|false\u00a0\u00bb title_text_shadow_style=\u00a0\u00bbpreset1&Prime; title_text_shadow_color=\u00a0\u00bb#000000&Prime; text_shadow_style=\u00a0\u00bbpreset5&Prime; _i=\u00a0\u00bb0&Prime; _address=\u00a0\u00bb0.0&Prime;][\/et_pb_fullwidth_header][\/et_pb_section][et_pb_section fb_built=\u00a0\u00bb1&Prime; disabled_on=\u00a0\u00bboff|off|off\u00a0\u00bb _builder_version=\u00a0\u00bb3.29.2&Prime; [&hellip;]<\/p>\n","protected":false},"author":1,"featured_media":0,"parent":0,"menu_order":0,"comment_status":"closed","ping_status":"closed","template":"","meta":{"_et_pb_use_builder":"on","_et_pb_old_content":"","footnotes":""},"class_list":["post-109","page","type-page","status-publish","hentry"],"_links":{"self":[{"href":"https:\/\/ostara-france.org\/index.php\/wp-json\/wp\/v2\/pages\/109","targetHints":{"allow":["GET"]}}],"collection":[{"href":"https:\/\/ostara-france.org\/index.php\/wp-json\/wp\/v2\/pages"}],"about":[{"href":"https:\/\/ostara-france.org\/index.php\/wp-json\/wp\/v2\/types\/page"}],"author":[{"embeddable":true,"href":"https:\/\/ostara-france.org\/index.php\/wp-json\/wp\/v2\/users\/1"}],"replies":[{"embeddable":true,"href":"https:\/\/ostara-france.org\/index.php\/wp-json\/wp\/v2\/comments?post=109"}],"version-history":[{"count":47,"href":"https:\/\/ostara-france.org\/index.php\/wp-json\/wp\/v2\/pages\/109\/revisions"}],"predecessor-version":[{"id":3265,"href":"https:\/\/ostara-france.org\/index.php\/wp-json\/wp\/v2\/pages\/109\/revisions\/3265"}],"wp:attachment":[{"href":"https:\/\/ostara-france.org\/index.php\/wp-json\/wp\/v2\/media?parent=109"}],"curies":[{"name":"wp","href":"https:\/\/api.w.org\/{rel}","templated":true}]}}